{"id":17,"date":"2025-03-28T12:53:12","date_gmt":"2025-03-28T11:53:12","guid":{"rendered":"https:\/\/clinicabenissa.com\/?page_id=17"},"modified":"2025-09-06T11:28:11","modified_gmt":"2025-09-06T09:28:11","slug":"datenschutzpolitik","status":"publish","type":"page","link":"https:\/\/clinicabenissa.com\/de\/datenschutzpolitik\/","title":{"rendered":"Datenschutzbestimmungen"},"content":{"rendered":"<div data-elementor-type=\"wp-page\" data-elementor-id=\"17\" class=\"elementor elementor-17\" data-elementor-post-type=\"page\">\n\t\t\t\t<div class=\"elementor-element elementor-element-e27e1d1 e-flex e-con-boxed e-con e-parent\" data-id=\"e27e1d1\" data-element_type=\"container\" data-e-type=\"container\" id=\"titulo-principal\">\n\t\t\t\t\t<div class=\"e-con-inner\">\n\t\t\t\t<div class=\"elementor-element elementor-element-b774276 elementor-widget elementor-widget-heading\" data-id=\"b774276\" data-element_type=\"widget\" data-e-type=\"widget\" data-widget_type=\"heading.default\">\n\t\t\t\t\t<h1 class=\"elementor-heading-title elementor-size-default\">Datenschutzbestimmungen<\/h1>\t\t\t\t<\/div>\n\t\t\t\t\t<\/div>\n\t\t\t\t<\/div>\n\t\t<div class=\"elementor-element elementor-element-713af6b espinf espsup e-flex e-con-boxed e-con e-parent\" data-id=\"713af6b\" data-element_type=\"container\" data-e-type=\"container\" id=\"contenido-legal\">\n\t\t\t\t\t<div class=\"e-con-inner\">\n\t\t\t\t<div class=\"elementor-element elementor-element-f5a97e1 elementor-widget elementor-widget-text-editor\" data-id=\"f5a97e1\" data-element_type=\"widget\" data-e-type=\"widget\" data-widget_type=\"text-editor.default\">\n\t\t\t\t\t\t\t\t\t<p>MARIA ALEXANDRA RODRIGUEZ CORTES informiert in Anwendung der geltenden Gesetzgebung zum Schutz pers\u00f6nlicher Daten, dass die pers\u00f6nlichen Daten \u00fcber die Formulare auf der Website gesammelt werden: <a href=\"https:\/\/clinicabenissa.com\/de\/\">www.clinicabenissa.com<\/a>sind in den spezifischen automatisierten Dateien der Nutzer der Dienste von <a href=\"https:\/\/clinicabenissa.com\/de\/\">www.clinicabenissa.com<\/a><\/p><p>Der Zweck der Erfassung und automatisierten Verarbeitung personenbezogener Daten ist die Aufrechterhaltung der Gesch\u00e4ftsbeziehung und die Durchf\u00fchrung von Informationen, Beratungen und anderen Aktivit\u00e4ten, die sowohl in dieser Richtlinie als auch in den auf dieser Website ver\u00f6ffentlichten Formularen angegeben sind. Diese Daten werden nur an diejenigen Stellen weitergegeben, die f\u00fcr die Erf\u00fcllung des oben genannten Zwecks erforderlich sind.<\/p><p>MARIA ALEXANDRA RODRIGUEZ CORTES ergreift die erforderlichen Ma\u00dfnahmen, um die Sicherheit, Integrit\u00e4t und Vertraulichkeit der Daten im Einklang mit den Bestimmungen der Verordnung (EU) 2016\/679 des Europ\u00e4ischen Parlaments und des Rates vom 27. April 2016 zum Schutz nat\u00fcrlicher Personen bei der Verarbeitung personenbezogener Daten und zum freien Datenverkehr zu gew\u00e4hrleisten.<\/p><p>Der Nutzer kann jederzeit die in der oben genannten Verordnung (EU) anerkannten Rechte auf Auskunft, Widerspruch, Berichtigung und L\u00f6schung aus\u00fcben. Diese Rechte kann der Nutzer aus\u00fcben, indem er eine E-Mail an folgende Adresse sendet: <a href=\"mailto:re*******@************sa.com\" data-original-string=\"jRM9qSXIvi7sFLjhbOBOYA==00aI5xHFRGJfJQFY1+52GdEUinLIYgOUmgzRUXVZ\/4WnRA=\" title=\"Dieser Kontakt wurde von Anti-Spam by CleanTalk verschl\u00fcsselt. Klicken Sie hier, um ihn zu entschl\u00fcsseln. Um die Entschl\u00fcsselung abzuschlie\u00dfen, stellen Sie sicher, dass JavaScript in Ihrem Browser aktiviert ist.\"><span \n                data-original-string='yn7ejagkMrjCjnGMjG98dw==00af+3rGC1D\/iX8K0bRIgqYEx1N9iAC46ZQMVq6DSupwVM='\n                class='apbct-email-encoder'\n                title='Dieser Kontakt wurde von Anti-Spam by CleanTalk verschl\u00fcsselt. Klicken Sie hier, um ihn zu entschl\u00fcsseln. Um die Entschl\u00fcsselung abzuschlie\u00dfen, stellen Sie sicher, dass JavaScript in Ihrem Browser aktiviert ist.'>zu<span class=\"apbct-blur\">*******<\/span>@<span class=\"apbct-blur\">************<\/span>sa.com<\/span><\/a> oder unter der Adresse: Av. del Pa\u00eds Valenci\u00e0, 19. 03720 Benissa (Alicante).<\/p><p>Der Nutzer erkl\u00e4rt, dass alle von ihm angegebenen Daten wahrheitsgetreu und richtig sind, und verpflichtet sich, sie auf dem neuesten Stand zu halten, indem er alle \u00c4nderungen an <a href=\"mailto:re*******@************sa.com\" data-original-string=\"\/61Q\/m9SzJXK8D76D0MY+w==00a\/\/wfRihB8bNqQznBZAn8j4KMqNVMgYVJEuz+Tjk7Ohk=\" title=\"Dieser Kontakt wurde von Anti-Spam by CleanTalk verschl\u00fcsselt. Klicken Sie hier, um ihn zu entschl\u00fcsseln. Um die Entschl\u00fcsselung abzuschlie\u00dfen, stellen Sie sicher, dass JavaScript in Ihrem Browser aktiviert ist.\"><span \n                data-original-string='eOPn5GceK5KHau28+ou\/qA==00aP\/6zX5EvfHVJ\/fp55VA0dE1h13Xfp3SZwhOlUNLWUOA='\n                class='apbct-email-encoder'\n                title='Dieser Kontakt wurde von Anti-Spam by CleanTalk verschl\u00fcsselt. Klicken Sie hier, um ihn zu entschl\u00fcsseln. Um die Entschl\u00fcsselung abzuschlie\u00dfen, stellen Sie sicher, dass JavaScript in Ihrem Browser aktiviert ist.'>zu<span class=\"apbct-blur\">*******<\/span>@<span class=\"apbct-blur\">************<\/span>sa.com<\/span><\/a><\/p><h2>Zweck der Verarbeitung von personenbezogenen Daten<\/h2><h3>Zu welchen Zwecken verarbeiten wir Ihre personenbezogenen Daten?<\/h3><p>MARIA ALEXANDRA RODRIGUEZ CORTES verarbeitet Ihre pers\u00f6nlichen Daten, die \u00fcber die Website gesammelt werden: <a href=\"https:\/\/clinicabenissa.com\/de\/\">www.clinicabenissa.com<\/a>f\u00fcr die folgenden Zwecke:<\/p><ol><li>Im Falle der Beschaffung von Waren und Dienstleistungen, die \u00fcber <a href=\"https:\/\/clinicabenissa.com\/de\/\">www.clinicabenissa.com<\/a>zur Aufrechterhaltung des Vertragsverh\u00e4ltnisses sowie zur Leitung, Verwaltung, Information, Bereitstellung und Verbesserung des Dienstes.<\/li><li>\u00dcbermittlung der angeforderten Informationen \u00fcber die Formulare, die unter <a href=\"https:\/\/clinicabenissa.com\/de\/\">www.clinicabenissa.com<\/a><\/li><\/ol><p>Wir erinnern Sie daran, dass Sie der Zusendung kommerzieller Mitteilungen jederzeit widersprechen k\u00f6nnen, indem Sie eine E-Mail an die oben genannte Adresse senden.<\/p><p>Die Felder in diesen Registern m\u00fcssen ausgef\u00fcllt werden, und es ist nicht m\u00f6glich, die angegebenen Zwecke zu erf\u00fcllen, wenn diese Daten nicht bereitgestellt werden.<\/p><h3>Wie lange werden die erhobenen personenbezogenen Daten aufbewahrt?<\/h3><p>Die \u00fcbermittelten personenbezogenen Daten werden so lange aufbewahrt, wie die Gesch\u00e4ftsbeziehung aufrechterhalten wird oder Sie deren L\u00f6schung nicht verlangen, sowie f\u00fcr den Zeitraum, f\u00fcr den sich aus den erbrachten Dienstleistungen rechtliche Verpflichtungen ergeben k\u00f6nnen.<\/p><h3>Legitimation<\/h3><p>Die Verarbeitung Ihrer Daten erfolgt auf den folgenden Rechtsgrundlagen, die sie legitimieren:<\/p><ol><li>Das Ersuchen um Informationen und\/oder die Beauftragung der Dienste von <a href=\"https:\/\/clinicabenissa.com\/de\/\">www.clinicabenissa.com<\/a>Die Bedingungen und Konditionen werden Ihnen in jedem Fall vor einem m\u00f6glichen Vertragsabschluss zur Verf\u00fcgung gestellt.<\/li><li>Freie, spezifische, informierte und eindeutige Zustimmung, sofern wir Sie informieren, indem wir Ihnen diese Datenschutzerkl\u00e4rung zur Verf\u00fcgung stellen, die Sie, wenn Sie damit einverstanden sind, nach dem Lesen durch eine Erkl\u00e4rung oder eine eindeutige best\u00e4tigende Handlung, wie das Ankreuzen eines zu diesem Zweck vorgesehenen K\u00e4stchens, annehmen k\u00f6nnen.<\/li><li>Wenn Sie uns Ihre Daten nicht, falsch oder unvollst\u00e4ndig zur Verf\u00fcgung stellen, k\u00f6nnen wir Ihre Anfrage nicht bearbeiten, so dass es uns unm\u00f6glich ist, Ihnen die gew\u00fcnschten Informationen zur Verf\u00fcgung zu stellen oder den Auftrag f\u00fcr die Dienstleistungen auszuf\u00fchren.<\/li><\/ol><h3>Adressaten<\/h3><p>Die Daten werden nicht an Dritte weitergegeben, die nicht zur <a href=\"https:\/\/clinicabenissa.com\/de\/\">www.clinicabenissa.com<\/a>es sei denn, sie sind gesetzlich dazu verpflichtet.<\/p><h3>Von den Nutzern der Dienste gesammelte Daten<\/h3><p>In F\u00e4llen, in denen der Nutzer Dateien mit personenbezogenen Daten auf gemeinsam genutzten Hosting-Servern ablegt, ist MARIA ALEXANDRA RODRIGUEZ CORTES nicht verantwortlich f\u00fcr die Nichteinhaltung der RGPD durch den Nutzer.<\/p><h3>Datenspeicherung in \u00dcbereinstimmung mit dem LSSI<\/h3><p>MARIA ALEXANDRA RODRIGUEZ CORTES teilt mit, dass sie als Anbieter von Daten-Hosting-Diensten und aufgrund der Bestimmungen des Gesetzes 34\/2002 vom 11. Juli \u00fcber die Dienste der Informationsgesellschaft und den elektronischen Handel (LSSI) die Informationen, die zur Identifizierung der Herkunft der gehosteten Daten und des Zeitpunkts der Inanspruchnahme des Dienstes erforderlich sind, f\u00fcr einen Zeitraum von h\u00f6chstens 12 Monaten aufbewahrt. Die Aufbewahrung dieser Daten beeintr\u00e4chtigt nicht das Kommunikationsgeheimnis und darf nur im Rahmen von strafrechtlichen Ermittlungen oder zum Schutz der \u00f6ffentlichen Sicherheit verwendet werden, wobei sie den Richtern und\/oder Gerichten oder dem Ministerium, das dies verlangt, zur Verf\u00fcgung gestellt werden.<\/p><p>Die \u00dcbermittlung von Daten an die staatlichen Streitkr\u00e4fte und Korps erfolgt gem\u00e4\u00df den Bestimmungen der Verordnung \u00fcber den Schutz personenbezogener Daten.<\/p><h3>Rechte an geistigem Eigentum<\/h3><p>MARIA ALEXANDRA RODRIGUEZ CORTES ist Inhaberin aller Urheberrechte, geistigen und gewerblichen Eigentumsrechte, des Know-hows und aller anderen Rechte in Bezug auf den Inhalt der Website. <a href=\"https:\/\/clinicabenissa.com\/de\/\">www.clinicabenissa.com<\/a> und die darin angebotenen Dienstleistungen sowie die f\u00fcr ihre Durchf\u00fchrung erforderlichen Programme und die damit verbundenen Informationen.<\/p><p>Die Vervielf\u00e4ltigung, Ver\u00f6ffentlichung und\/oder Nutzung des Inhalts der Website von MARIA ALEXANDRA RODRIGUEZ CORTES im Ganzen oder in Teilen, au\u00dfer f\u00fcr den rein privaten Gebrauch, ist ohne vorherige schriftliche Genehmigung nicht gestattet.<\/p><h3>Geistiges Eigentum an gehosteten Inhalten<\/h3><p>Die Nutzung der von MARIA ALEXANDRA RODRIGUEZ CORTES erbrachten Dienstleistungen, insbesondere die Nutzung der folgenden Elemente, verst\u00f6\u00dft gegen die Rechtsvorschriften zum geistigen Eigentum<\/p><ul><li>Nutzung, die gegen das spanische Recht verst\u00f6\u00dft oder die Rechte Dritter verletzt.<\/li><li>Die Ver\u00f6ffentlichung oder \u00dcbermittlung von Inhalten, die nach Ansicht von MARIA ALEXANDRA RODRIGUEZ CORTES gewaltt\u00e4tig, obsz\u00f6n, beleidigend, illegal, rassistisch, fremdenfeindlich oder diffamierend sind.<\/li><li>Cracks, Software-Seriennummern oder andere Inhalte, die die geistigen Eigentumsrechte Dritter verletzen.<\/li><li>Die Erhebung und\/oder Nutzung personenbezogener Daten anderer Nutzer ohne deren ausdr\u00fcckliche Zustimmung oder unter Versto\u00df gegen die Bestimmungen der Verordnung (EU) 2016\/679 des Europ\u00e4ischen Parlaments und des Rates vom 27. April 2016 zum Schutz nat\u00fcrlicher Personen bei der Verarbeitung personenbezogener Daten und zum freien Datenverkehr.<\/li><li>Die Verwendung des Mailservers und der E-Mail-Adressen der Dom\u00e4ne f\u00fcr den Versand unerw\u00fcnschter Massen-E-Mails.<\/li><\/ul><p>Der Nutzer tr\u00e4gt die volle Verantwortung f\u00fcr den Inhalt seiner Website, die \u00fcbermittelten und gespeicherten Informationen, Hypertext-Links, Anspr\u00fcche Dritter und rechtliche Schritte in Bezug auf das geistige Eigentum.<\/p><h3>Rechte Dritter und Schutz von Minderj\u00e4hrigen<\/h3><p>Der Nutzer ist f\u00fcr die Einhaltung der geltenden Gesetze und Vorschriften sowie der Regeln f\u00fcr den Betrieb des Online-Dienstes, den elektronischen Gesch\u00e4ftsverkehr, das Urheberrecht, die Aufrechterhaltung der \u00f6ffentlichen Ordnung und die allgemeinen Grunds\u00e4tze der Internetnutzung verantwortlich.<\/p><p>Der Nutzer entsch\u00e4digt MARIA ALEXANDRA RODRIGUEZ CORTES f\u00fcr die Kosten, die durch die Anrechnung in einem vom Nutzer zu verantwortenden Fall entstehen, einschlie\u00dflich Anwalts- und Gerichtskosten, auch im Falle einer nicht rechtskr\u00e4ftigen Gerichtsentscheidung.<\/p><h3>Schutz von gehosteten Informationen<\/h3><p>MARIA ALEXANDRA RODRIGUEZ CORTES erstellt Sicherungskopien der auf ihren Servern gespeicherten Inhalte, haftet jedoch nicht f\u00fcr den Verlust oder die versehentliche L\u00f6schung von Daten durch die Benutzer. Ebenso wenig wird die vollst\u00e4ndige Wiederherstellung der von den Nutzern gel\u00f6schten Daten garantiert, da diese Daten in dem Zeitraum, der seit der letzten Sicherung verstrichen ist, gel\u00f6scht und\/oder ver\u00e4ndert worden sein k\u00f6nnen.<\/p><p>Die angebotenen Dienstleistungen, mit Ausnahme spezifischer Backup-Dienste, beinhalten nicht den Ersatz der in den von MARIA ALEXANDRA RODRIGUEZ CORTES erstellten Sicherungskopien erhaltenen Inhalte, wenn dieser Verlust dem Benutzer zuzuschreiben ist; in diesem Fall wird eine Geb\u00fchr je nach Komplexit\u00e4t und Umfang der Wiederherstellung festgelegt, immer mit vorheriger Zustimmung des Benutzers.<\/p><p>Die Wiederherstellung gel\u00f6schter Daten ist nur dann im Preis des Dienstes enthalten, wenn der Verlust der Inhalte auf Ursachen zur\u00fcckzuf\u00fchren ist, die MARIA ALEXANDRA RODRIGUEZ CORTES zuzuschreiben sind.<\/p><h3>Kommerzielle Kommunikationen<\/h3><p>In Anwendung der LSSI. MARIA ALEXANDRA RODRIGUEZ CORTES versendet keine Werbe- oder verkaufsf\u00f6rdernden Mitteilungen per E-Mail oder andere gleichwertige elektronische Kommunikationsmittel, die nicht zuvor von den Empf\u00e4ngern angefordert oder ausdr\u00fccklich genehmigt wurden.<\/p><p>Im Falle von Nutzern, mit denen bereits eine vertragliche Beziehung besteht, ist MARIA ALEXANDRA RODRIGUEZ CORTES berechtigt, kommerzielle Mitteilungen \u00fcber Produkte oder Dienstleistungen von MARIA ALEXANDRA RODRIGUEZ CORTES zu versenden. <a href=\"https:\/\/clinicabenissa.com\/de\/\">www.clinicabenissa.com<\/a> die den urspr\u00fcnglich mit dem Kunden geschlossenen Vertr\u00e4gen \u00e4hnlich sind.<\/p><p>In jedem Fall kann der Nutzer, nachdem er seine Identit\u00e4t nachgewiesen hat, verlangen, dass ihm \u00fcber die Kan\u00e4le des Kundendienstes keine weiteren kommerziellen Informationen zugesandt werden.<\/p>\t\t\t\t\t\t\t\t<\/div>\n\t\t\t\t\t<\/div>\n\t\t\t\t<\/div>\n\t\t\t\t<\/div>","protected":false},"excerpt":{"rendered":"<p>Pol\u00edtica de Privacidad MARIA ALEXANDRA RODRIGUEZ CORTES, en aplicaci\u00f3n de la normativa vigente en materia de protecci\u00f3n de datos de [&hellip;]<\/p>","protected":false},"author":1,"featured_media":0,"parent":0,"menu_order":0,"comment_status":"closed","ping_status":"closed","template":"elementor_header_footer","meta":{"site-sidebar-layout":"no-sidebar","site-content-layout":"","ast-site-content-layout":"full-width-container","site-content-style":"default","site-sidebar-style":"default","ast-global-header-display":"","ast-banner-title-visibility":"","ast-main-header-display":"","ast-hfb-above-header-display":"","ast-hfb-below-header-display":"","ast-hfb-mobile-header-display":"","site-post-title":"disabled","ast-breadcrumbs-content":"","ast-featured-img":"disabled","footer-sml-layout":"","ast-disable-related-posts":"","theme-transparent-header-meta":"default","adv-header-id-meta":"","stick-header-meta":"","header-above-stick-meta":"","header-main-stick-meta":"","header-below-stick-meta":"","astra-migrate-meta-layouts":"set","ast-page-background-enabled":"default","ast-page-background-meta":{"desktop":{"background-color":"var(--ast-global-color-5)","background-image":"","background-repeat":"repeat","background-position":"center center","background-size":"auto","background-attachment":"scroll","background-type":"","background-media":"","overlay-type":"","overlay-color":"","overlay-opacity":"","overlay-gradient":""},"tablet":{"background-color":"","background-image":"","background-repeat":"repeat","background-position":"center center","background-size":"auto","background-attachment":"scroll","background-type":"","background-media":"","overlay-type":"","overlay-color":"","overlay-opacity":"","overlay-gradient":""},"mobile":{"background-color":"","background-image":"","background-repeat":"repeat","background-position":"center center","background-size":"auto","background-attachment":"scroll","background-type":"","background-media":"","overlay-type":"","overlay-color":"","overlay-opacity":"","overlay-gradient":""}},"ast-content-background-meta":{"desktop":{"background-color":"var(--ast-global-color-4)","background-image":"","background-repeat":"repeat","background-position":"center center","background-size":"auto","background-attachment":"scroll","background-type":"","background-media":"","overlay-type":"","overlay-color":"","overlay-opacity":"","overlay-gradient":""},"tablet":{"background-color":"var(--ast-global-color-4)","background-image":"","background-repeat":"repeat","background-position":"center center","background-size":"auto","background-attachment":"scroll","background-type":"","background-media":"","overlay-type":"","overlay-color":"","overlay-opacity":"","overlay-gradient":""},"mobile":{"background-color":"var(--ast-global-color-4)","background-image":"","background-repeat":"repeat","background-position":"center center","background-size":"auto","background-attachment":"scroll","background-type":"","background-media":"","overlay-type":"","overlay-color":"","overlay-opacity":"","overlay-gradient":""}},"footnotes":""},"class_list":["post-17","page","type-page","status-publish","hentry"],"_links":{"self":[{"href":"https:\/\/clinicabenissa.com\/de\/wp-json\/wp\/v2\/pages\/17","targetHints":{"allow":["GET"]}}],"collection":[{"href":"https:\/\/clinicabenissa.com\/de\/wp-json\/wp\/v2\/pages"}],"about":[{"href":"https:\/\/clinicabenissa.com\/de\/wp-json\/wp\/v2\/types\/page"}],"author":[{"embeddable":true,"href":"https:\/\/clinicabenissa.com\/de\/wp-json\/wp\/v2\/users\/1"}],"replies":[{"embeddable":true,"href":"https:\/\/clinicabenissa.com\/de\/wp-json\/wp\/v2\/comments?post=17"}],"version-history":[{"count":0,"href":"https:\/\/clinicabenissa.com\/de\/wp-json\/wp\/v2\/pages\/17\/revisions"}],"wp:attachment":[{"href":"https:\/\/clinicabenissa.com\/de\/wp-json\/wp\/v2\/media?parent=17"}],"curies":[{"name":"wp","href":"https:\/\/api.w.org\/{rel}","templated":true}]}}