{"id":17,"date":"2025-03-28T12:53:12","date_gmt":"2025-03-28T11:53:12","guid":{"rendered":"https:\/\/clinicabenissa.com\/?page_id=17"},"modified":"2025-09-06T11:28:11","modified_gmt":"2025-09-06T09:28:11","slug":"privacy-policy","status":"publish","type":"page","link":"https:\/\/clinicabenissa.com\/en\/privacy-policy\/","title":{"rendered":"Privacy Policy"},"content":{"rendered":"<div data-elementor-type=\"wp-page\" data-elementor-id=\"17\" class=\"elementor elementor-17\" data-elementor-post-type=\"page\">\n\t\t\t\t<div class=\"elementor-element elementor-element-e27e1d1 e-flex e-con-boxed e-con e-parent\" data-id=\"e27e1d1\" data-element_type=\"container\" data-e-type=\"container\" id=\"titulo-principal\">\n\t\t\t\t\t<div class=\"e-con-inner\">\n\t\t\t\t<div class=\"elementor-element elementor-element-b774276 elementor-widget elementor-widget-heading\" data-id=\"b774276\" data-element_type=\"widget\" data-e-type=\"widget\" data-widget_type=\"heading.default\">\n\t\t\t\t\t<h1 class=\"elementor-heading-title elementor-size-default\">Privacy Policy<\/h1>\t\t\t\t<\/div>\n\t\t\t\t\t<\/div>\n\t\t\t\t<\/div>\n\t\t<div class=\"elementor-element elementor-element-713af6b espinf espsup e-flex e-con-boxed e-con e-parent\" data-id=\"713af6b\" data-element_type=\"container\" data-e-type=\"container\" id=\"contenido-legal\">\n\t\t\t\t\t<div class=\"e-con-inner\">\n\t\t\t\t<div class=\"elementor-element elementor-element-f5a97e1 elementor-widget elementor-widget-text-editor\" data-id=\"f5a97e1\" data-element_type=\"widget\" data-e-type=\"widget\" data-widget_type=\"text-editor.default\">\n\t\t\t\t\t\t\t\t\t<p>MARIA ALEXANDRA RODRIGUEZ CORTES, in application of current legislation on the protection of personal data, informs that the personal data collected through the forms on the website: <a href=\"https:\/\/clinicabenissa.com\/en\/\">www.clinicabenissa.com<\/a>are included in the specific automated files of the users of the services of <a href=\"https:\/\/clinicabenissa.com\/en\/\">www.clinicabenissa.com<\/a><\/p><p>The purpose of the collection and automated processing of personal data is to maintain the commercial relationship and the performance of information, advice and other activities indicated both in this policy and in any of the forms published on this Site. This data will only be transferred to those entities that are necessary for the sole purpose of complying with the aforementioned purpose.<\/p><p>MARIA ALEXANDRA RODRIGUEZ CORTES takes the necessary measures to ensure the security, integrity and confidentiality of the data in accordance with the provisions of Regulation (EU) 2016\/679 of the European Parliament and of the Council of 27 April 2016 on the protection of individuals with regard to the processing of personal data and on the free movement of such data.<\/p><p>The user may at any time exercise the rights of access, opposition, rectification and cancellation recognised in the aforementioned Regulation (EU). These rights may be exercised by the user by sending an email to: <a href=\"mailto:re*******@************sa.com\" data-original-string=\"hCXm98W86x6qT1L9kc7pvw==00a0KvRZCHYlRreJB7U1ojMKhD9dobSCwtk2uRmqROju14=\" title=\"This contact has been encoded by Anti-Spam by CleanTalk. Click to decode. To finish the decoding make sure that JavaScript is enabled in your browser.\"><span \n                data-original-string='U\/itRv0sKVurWfKrmOrxNA==00a\/uSn2X2mLgCltl2Jg0kwMrX2Ua81pEPDP83PYOL0rnE='\n                class='apbct-email-encoder'\n                title='This contact has been encoded by Anti-Spam by CleanTalk. Click to decode. To finish the decoding make sure that JavaScript is enabled in your browser.'>re<span class=\"apbct-blur\">*******<\/span>@<span class=\"apbct-blur\">************<\/span>sa.com<\/span><\/a> or at the address: Av. del Pa\u00eds Valenci\u00e0, 19. 03720 Benissa (Alicante).<\/p><p>The user declares that all the data provided by him\/her are true and correct, and undertakes to keep them updated, communicating any changes to <a href=\"mailto:re*******@************sa.com\" data-original-string=\"tmCUZxKaFA2gU6UZONFbRg==00aM3Z\/O93apCChDtPd73\/e9HqLidJuKhilwJqrWFUUN98=\" title=\"This contact has been encoded by Anti-Spam by CleanTalk. Click to decode. To finish the decoding make sure that JavaScript is enabled in your browser.\"><span \n                data-original-string='rivHxacpyLJv+8mKHud+Hw==00ax47yDUe0BKGxAbJl4\/4UL1uHBjApnPpG\/74zkPi80G0='\n                class='apbct-email-encoder'\n                title='This contact has been encoded by Anti-Spam by CleanTalk. Click to decode. To finish the decoding make sure that JavaScript is enabled in your browser.'>re<span class=\"apbct-blur\">*******<\/span>@<span class=\"apbct-blur\">************<\/span>sa.com<\/span><\/a><\/p><h2>Purpose of the processing of personal data<\/h2><h3>For what purposes will we process your personal data?<\/h3><p>At MARIA ALEXANDRA RODRIGUEZ CORTES, we will process your personal data collected through the Website: <a href=\"https:\/\/clinicabenissa.com\/en\/\">www.clinicabenissa.com<\/a>for the following purposes:<\/p><ol><li>In the case of procurement of the goods and services offered through <a href=\"https:\/\/clinicabenissa.com\/en\/\">www.clinicabenissa.com<\/a>to maintain the contractual relationship, as well as the management, administration, information, provision and improvement of the service.<\/li><li>Sending of information requested through the forms available at <a href=\"https:\/\/clinicabenissa.com\/en\/\">www.clinicabenissa.com<\/a><\/li><\/ol><p>We remind you that you may object to the sending of commercial communications by any means and at any time by sending an e-mail to the address indicated above.<\/p><p>The fields in these registers must be filled in, and it is impossible to carry out the purposes expressed if these data are not provided.<\/p><h3>How long will the personal data collected be kept?<\/h3><p>The personal data provided will be kept for as long as the commercial relationship is maintained or you do not request its deletion and for the period of time for which legal responsibilities may arise from the services provided.<\/p><h3>Legitimation<\/h3><p>The processing of your data is carried out on the following legal bases that legitimise it:<\/p><ol><li>The request for information and\/or the contracting of the services of <a href=\"https:\/\/clinicabenissa.com\/en\/\">www.clinicabenissa.com<\/a>The terms and conditions of which will be made available to you in any case prior to any possible contracting.<\/li><li>Free, specific, informed and unequivocal consent, insofar as we inform you by making this privacy policy available to you, which, after reading it, if you agree, you can accept by means of a declaration or a clear affirmative action, such as ticking a box provided for this purpose.<\/li><li>If you do not provide us with your details, or if you do so incorrectly or incompletely, we will not be able to deal with your request, making it impossible for us to provide you with the information requested or to carry out the contracting of the services.<\/li><\/ol><h3>Addressees<\/h3><p>The data will not be communicated to any third party external to <a href=\"https:\/\/clinicabenissa.com\/en\/\">www.clinicabenissa.com<\/a>unless legally obliged to do so.<\/p><h3>Data collected by users of the services<\/h3><p>In cases where the user includes files with personal data on shared hosting servers, MARIA ALEXANDRA RODRIGUEZ CORTES is not responsible for the user's failure to comply with the RGPD.<\/p><h3>Data retention in compliance with the LSSI<\/h3><p>MARIA ALEXANDRA RODRIGUEZ CORTES informs that, as a data hosting service provider and by virtue of the provisions of Law 34\/2002 of 11 July on Information Society Services and Electronic Commerce (LSSI), it retains for a maximum period of 12 months the information necessary to identify the origin of the hosted data and the time at which the service was initiated. The retention of this data does not affect the secrecy of communications and may only be used in the framework of a criminal investigation or for the safeguarding of public security, being made available to judges and\/or courts or the Ministry that so requires.<\/p><p>The communication of data to the State Forces and Corps will be made in accordance with the provisions of the regulations on the protection of personal data.<\/p><h3>Intellectual property rights<\/h3><p>MARIA ALEXANDRA RODRIGUEZ CORTES is the owner of all copyrights, intellectual and industrial property rights, \"know how\" and any other rights related to the contents of the website. <a href=\"https:\/\/clinicabenissa.com\/en\/\">www.clinicabenissa.com<\/a> and the services offered therein, as well as the programmes necessary for their implementation and related information.<\/p><p>The reproduction, publication and\/or use of the contents, in whole or in part, of the MARIA ALEXANDRA RODRIGUEZ CORTES website, other than for strictly private use, is not permitted without prior written consent.<\/p><h3>Intellectual property of hosted content<\/h3><p>The use contrary to the legislation on intellectual property of the services provided by MARIA ALEXANDRA RODRIGUEZ CORTES and, in particular, of:<\/p><ul><li>Use that is contrary to Spanish law or infringes the rights of third parties.<\/li><li>The publication or transmission of any content which, in the opinion of MARIA ALEXANDRA RODRIGUEZ CORTES, is violent, obscene, abusive, illegal, racial, xenophobic or defamatory.<\/li><li>Cracks, software serial numbers or any other content that infringes the intellectual property rights of third parties.<\/li><li>The collection and\/or use of personal data of other users without their express consent or in contravention of the provisions of Regulation (EU) 2016\/679 of the European Parliament and of the Council of 27 April 2016 on the protection of individuals with regard to the processing of personal data and on the free movement of such data.<\/li><li>The use of the domain's mail server and e-mail addresses for sending unsolicited bulk e-mail.<\/li><\/ul><p>The user bears full responsibility for the content of his website, the transmitted and stored information, hypertext links, third party claims and legal actions in reference to intellectual property.<\/p><h3>Rights of third parties and protection of minors<\/h3><p>The user is responsible for compliance with the laws and regulations in force and the rules concerning the operation of the online service, e-commerce, copyright, maintenance of public order, as well as universal principles of Internet use.<\/p><p>The user shall indemnify MARIA ALEXANDRA RODRIGUEZ CORTES for the costs incurred by the imputation in any case for which the user is responsible, including legal fees and expenses, even in the case of a non-final court decision.<\/p><h3>Protection of hosted information<\/h3><p>MARIA ALEXANDRA RODRIGUEZ CORTES makes backup copies of the contents hosted on its servers, however, it is not responsible for the loss or accidental deletion of data by users. Likewise, it does not guarantee the total replacement of data deleted by users, as said data may have been deleted and\/or modified during the period of time that has elapsed since the last backup.<\/p><p>The services offered, except for specific backup services, do not include the replacement of the contents preserved in the backup copies made by MARIA ALEXANDRA RODRIGUEZ CORTES, when this loss is attributable to the user; in this case, a fee will be determined according to the complexity and volume of the recovery, always with the user's prior acceptance.<\/p><p>The replacement of deleted data is only included in the price of the service when the loss of the content is due to causes attributable to MARIA ALEXANDRA RODRIGUEZ CORTES.<\/p><h3>Commercial communications<\/h3><p>In application of the LSSI. MARIA ALEXANDRA RODRIGUEZ CORTES will not send advertising or promotional communications by e-mail or any other equivalent means of electronic communication that have not been previously requested or expressly authorised by the recipients of the same.<\/p><p>In the case of users with whom there is a previous contractual relationship, MARIA ALEXANDRA RODRIGUEZ CORTES is authorised to send commercial communications regarding products or services of MARIA ALEXANDRA RODRIGUEZ CORTES. <a href=\"https:\/\/clinicabenissa.com\/en\/\">www.clinicabenissa.com<\/a> that are similar to those initially contracted with the customer.<\/p><p>In any case, the user, after proving his or her identity, may request that no further commercial information be sent to him or her through the Customer Service channels.<\/p>\t\t\t\t\t\t\t\t<\/div>\n\t\t\t\t\t<\/div>\n\t\t\t\t<\/div>\n\t\t\t\t<\/div>","protected":false},"excerpt":{"rendered":"<p>Pol\u00edtica de Privacidad MARIA ALEXANDRA RODRIGUEZ CORTES, en aplicaci\u00f3n de la normativa vigente en materia de protecci\u00f3n de datos de [&hellip;]<\/p>","protected":false},"author":1,"featured_media":0,"parent":0,"menu_order":0,"comment_status":"closed","ping_status":"closed","template":"elementor_header_footer","meta":{"site-sidebar-layout":"no-sidebar","site-content-layout":"","ast-site-content-layout":"full-width-container","site-content-style":"default","site-sidebar-style":"default","ast-global-header-display":"","ast-banner-title-visibility":"","ast-main-header-display":"","ast-hfb-above-header-display":"","ast-hfb-below-header-display":"","ast-hfb-mobile-header-display":"","site-post-title":"disabled","ast-breadcrumbs-content":"","ast-featured-img":"disabled","footer-sml-layout":"","ast-disable-related-posts":"","theme-transparent-header-meta":"default","adv-header-id-meta":"","stick-header-meta":"","header-above-stick-meta":"","header-main-stick-meta":"","header-below-stick-meta":"","astra-migrate-meta-layouts":"set","ast-page-background-enabled":"default","ast-page-background-meta":{"desktop":{"background-color":"var(--ast-global-color-5)","background-image":"","background-repeat":"repeat","background-position":"center center","background-size":"auto","background-attachment":"scroll","background-type":"","background-media":"","overlay-type":"","overlay-color":"","overlay-opacity":"","overlay-gradient":""},"tablet":{"background-color":"","background-image":"","background-repeat":"repeat","background-position":"center center","background-size":"auto","background-attachment":"scroll","background-type":"","background-media":"","overlay-type":"","overlay-color":"","overlay-opacity":"","overlay-gradient":""},"mobile":{"background-color":"","background-image":"","background-repeat":"repeat","background-position":"center center","background-size":"auto","background-attachment":"scroll","background-type":"","background-media":"","overlay-type":"","overlay-color":"","overlay-opacity":"","overlay-gradient":""}},"ast-content-background-meta":{"desktop":{"background-color":"var(--ast-global-color-4)","background-image":"","background-repeat":"repeat","background-position":"center center","background-size":"auto","background-attachment":"scroll","background-type":"","background-media":"","overlay-type":"","overlay-color":"","overlay-opacity":"","overlay-gradient":""},"tablet":{"background-color":"var(--ast-global-color-4)","background-image":"","background-repeat":"repeat","background-position":"center center","background-size":"auto","background-attachment":"scroll","background-type":"","background-media":"","overlay-type":"","overlay-color":"","overlay-opacity":"","overlay-gradient":""},"mobile":{"background-color":"var(--ast-global-color-4)","background-image":"","background-repeat":"repeat","background-position":"center center","background-size":"auto","background-attachment":"scroll","background-type":"","background-media":"","overlay-type":"","overlay-color":"","overlay-opacity":"","overlay-gradient":""}},"footnotes":""},"class_list":["post-17","page","type-page","status-publish","hentry"],"_links":{"self":[{"href":"https:\/\/clinicabenissa.com\/en\/wp-json\/wp\/v2\/pages\/17","targetHints":{"allow":["GET"]}}],"collection":[{"href":"https:\/\/clinicabenissa.com\/en\/wp-json\/wp\/v2\/pages"}],"about":[{"href":"https:\/\/clinicabenissa.com\/en\/wp-json\/wp\/v2\/types\/page"}],"author":[{"embeddable":true,"href":"https:\/\/clinicabenissa.com\/en\/wp-json\/wp\/v2\/users\/1"}],"replies":[{"embeddable":true,"href":"https:\/\/clinicabenissa.com\/en\/wp-json\/wp\/v2\/comments?post=17"}],"version-history":[{"count":0,"href":"https:\/\/clinicabenissa.com\/en\/wp-json\/wp\/v2\/pages\/17\/revisions"}],"wp:attachment":[{"href":"https:\/\/clinicabenissa.com\/en\/wp-json\/wp\/v2\/media?parent=17"}],"curies":[{"name":"wp","href":"https:\/\/api.w.org\/{rel}","templated":true}]}}