{"id":17,"date":"2025-03-28T12:53:12","date_gmt":"2025-03-28T11:53:12","guid":{"rendered":"https:\/\/clinicabenissa.com\/?page_id=17"},"modified":"2025-09-06T11:28:11","modified_gmt":"2025-09-06T09:28:11","slug":"politique-de-confidentialite","status":"publish","type":"page","link":"https:\/\/clinicabenissa.com\/fr\/politique-de-confidentialite\/","title":{"rendered":"Politique de confidentialit\u00e9"},"content":{"rendered":"<div data-elementor-type=\"wp-page\" data-elementor-id=\"17\" class=\"elementor elementor-17\" data-elementor-post-type=\"page\">\n\t\t\t\t<div class=\"elementor-element elementor-element-e27e1d1 e-flex e-con-boxed e-con e-parent\" data-id=\"e27e1d1\" data-element_type=\"container\" data-e-type=\"container\" id=\"titulo-principal\">\n\t\t\t\t\t<div class=\"e-con-inner\">\n\t\t\t\t<div class=\"elementor-element elementor-element-b774276 elementor-widget elementor-widget-heading\" data-id=\"b774276\" data-element_type=\"widget\" data-e-type=\"widget\" data-widget_type=\"heading.default\">\n\t\t\t\t\t<h1 class=\"elementor-heading-title elementor-size-default\">Politique de confidentialit\u00e9<\/h1>\t\t\t\t<\/div>\n\t\t\t\t\t<\/div>\n\t\t\t\t<\/div>\n\t\t<div class=\"elementor-element elementor-element-713af6b espinf espsup e-flex e-con-boxed e-con e-parent\" data-id=\"713af6b\" data-element_type=\"container\" data-e-type=\"container\" id=\"contenido-legal\">\n\t\t\t\t\t<div class=\"e-con-inner\">\n\t\t\t\t<div class=\"elementor-element elementor-element-f5a97e1 elementor-widget elementor-widget-text-editor\" data-id=\"f5a97e1\" data-element_type=\"widget\" data-e-type=\"widget\" data-widget_type=\"text-editor.default\">\n\t\t\t\t\t\t\t\t\t<p>MARIA ALEXANDRA RODRIGUEZ CORTES, en application de la l\u00e9gislation en vigueur sur la protection des donn\u00e9es personnelles, informe que les donn\u00e9es personnelles collect\u00e9es \u00e0 travers les formulaires du site web : <a href=\"https:\/\/clinicabenissa.com\/fr\/\">www.clinicabenissa.com<\/a>sont incluses dans les fichiers automatis\u00e9s sp\u00e9cifiques des utilisateurs des services de <a href=\"https:\/\/clinicabenissa.com\/fr\/\">www.clinicabenissa.com<\/a><\/p><p>La collecte et le traitement automatis\u00e9 des donn\u00e9es personnelles ont pour but de maintenir la relation commerciale et l'ex\u00e9cution des activit\u00e9s d'information, de conseil et autres indiqu\u00e9es tant dans la pr\u00e9sente politique que dans les formulaires publi\u00e9s sur ce site. Ces donn\u00e9es ne seront c\u00e9d\u00e9es qu'aux entit\u00e9s n\u00e9cessaires dans le seul but de respecter la finalit\u00e9 susmentionn\u00e9e.<\/p><p>MARIA ALEXANDRA RODRIGUEZ CORTES prend les mesures n\u00e9cessaires pour assurer la s\u00e9curit\u00e9, l'int\u00e9grit\u00e9 et la confidentialit\u00e9 des donn\u00e9es conform\u00e9ment aux dispositions du R\u00e8glement (UE) 2016\/679 du Parlement europ\u00e9en et du Conseil du 27 avril 2016 relatif \u00e0 la protection des personnes physiques \u00e0 l'\u00e9gard du traitement des donn\u00e9es \u00e0 caract\u00e8re personnel et \u00e0 la libre circulation de ces donn\u00e9es.<\/p><p>L'utilisateur peut \u00e0 tout moment exercer les droits d'acc\u00e8s, d'opposition, de rectification et d'annulation reconnus dans le r\u00e8glement (UE) susmentionn\u00e9. Ces droits peuvent \u00eatre exerc\u00e9s par l'utilisateur en envoyant un courrier \u00e9lectronique \u00e0 : <a href=\"mailto:re*******@************sa.com\" data-original-string=\"rR+cLDiKwcsbFbUQKRTV7A==00aueZXJC\/MRQKtOzYWeyS74OwixgyJeffNos4yLqhRIjM=\" title=\"This contact has been encoded by Anti-Spam by CleanTalk. Click to decode. To finish the decoding make sure that JavaScript is enabled in your browser.\"><span \n                data-original-string='TSChvkjTbBVUokcoj\/Yb7g==00aPI1LxSCsi2W+FnAnOZCEX0nOtdFf2pBO8U9DE1kVdQ4='\n                class='apbct-email-encoder'\n                title='This contact has been encoded by Anti-Spam by CleanTalk. Click to decode. To finish the decoding make sure that JavaScript is enabled in your browser.'>re<span class=\"apbct-blur\">*******<\/span>@<span class=\"apbct-blur\">************<\/span>sa.com<\/span><\/a> ou \u00e0 l'adresse suivante : Av. del Pa\u00eds Valenci\u00e0, 19. 03720 Benissa (Alicante).<\/p><p>L'utilisateur d\u00e9clare que toutes les donn\u00e9es qu'il a fournies sont exactes et correctes et s'engage \u00e0 les tenir \u00e0 jour, en communiquant tout changement \u00e0 <a href=\"mailto:re*******@************sa.com\" data-original-string=\"\/TmeWXhkSwUHVv6pxf4NSg==00aM919m1l3QDfI+7R822WGPfr3DjZdk2oFEzF0SBL0bsA=\" title=\"This contact has been encoded by Anti-Spam by CleanTalk. Click to decode. To finish the decoding make sure that JavaScript is enabled in your browser.\"><span \n                data-original-string='L1Rt49ZSua4ADGwAqj3rkA==00aCrtDk\/x9cYHuLcgIf+5Vhsrrot+fU28Y818IPdVtDY8='\n                class='apbct-email-encoder'\n                title='This contact has been encoded by Anti-Spam by CleanTalk. Click to decode. To finish the decoding make sure that JavaScript is enabled in your browser.'>re<span class=\"apbct-blur\">*******<\/span>@<span class=\"apbct-blur\">************<\/span>sa.com<\/span><\/a><\/p><h2>Finalit\u00e9 du traitement des donn\u00e9es \u00e0 caract\u00e8re personnel<\/h2><h3>\u00c0 quelles fins traitons-nous vos donn\u00e9es \u00e0 caract\u00e8re personnel ?<\/h3><p>Chez MARIA ALEXANDRA RODRIGUEZ CORTES, nous traiterons vos donn\u00e9es personnelles collect\u00e9es par le biais du site Web : <a href=\"https:\/\/clinicabenissa.com\/fr\/\">www.clinicabenissa.com<\/a>aux fins suivantes :<\/p><ol><li>Dans le cas de l'acquisition de biens et de services offerts par l'interm\u00e9diaire de <a href=\"https:\/\/clinicabenissa.com\/fr\/\">www.clinicabenissa.com<\/a>pour maintenir la relation contractuelle, ainsi que la gestion, l'administration, l'information, la fourniture et l'am\u00e9lioration du service.<\/li><li>Envoi des informations demand\u00e9es au moyen des formulaires disponibles \u00e0 l'adresse suivante <a href=\"https:\/\/clinicabenissa.com\/fr\/\">www.clinicabenissa.com<\/a><\/li><\/ol><p>Nous vous rappelons que vous pouvez vous opposer \u00e0 l'envoi de communications commerciales par tout moyen et \u00e0 tout moment en envoyant un courrier \u00e9lectronique \u00e0 l'adresse indiqu\u00e9e ci-dessus.<\/p><p>Les champs de ces registres doivent \u00eatre remplis et il est impossible de r\u00e9aliser les objectifs exprim\u00e9s si ces donn\u00e9es ne sont pas fournies.<\/p><h3>Combien de temps les donn\u00e9es personnelles collect\u00e9es seront-elles conserv\u00e9es ?<\/h3><p>Les donn\u00e9es personnelles fournies seront conserv\u00e9es aussi longtemps que la relation commerciale est maintenue ou que vous ne demandez pas leur suppression et pendant la p\u00e9riode au cours de laquelle des responsabilit\u00e9s l\u00e9gales peuvent d\u00e9couler des services fournis.<\/p><h3>L\u00e9gitimation<\/h3><p>Le traitement de vos donn\u00e9es est effectu\u00e9 sur la base des fondements juridiques suivants qui le l\u00e9gitiment :<\/p><ol><li>La demande d'information et\/ou le recours aux services de <a href=\"https:\/\/clinicabenissa.com\/fr\/\">www.clinicabenissa.com<\/a>Les termes et conditions de ce contrat seront mis \u00e0 votre disposition en tout \u00e9tat de cause avant toute contractualisation \u00e9ventuelle.<\/li><li>Consentement libre, sp\u00e9cifique, \u00e9clair\u00e9 et sans \u00e9quivoque, dans la mesure o\u00f9 nous vous informons en mettant \u00e0 votre disposition la pr\u00e9sente politique de protection de la vie priv\u00e9e, que vous pouvez accepter, apr\u00e8s l'avoir lue, au moyen d'une d\u00e9claration ou d'une action affirmative claire, par exemple en cochant une case pr\u00e9vue \u00e0 cet effet.<\/li><li>Si vous ne nous fournissez pas vos donn\u00e9es ou si vous les fournissez de mani\u00e8re incorrecte ou incompl\u00e8te, nous ne pourrons pas donner suite \u00e0 votre demande, ce qui rendra totalement impossible la fourniture des informations demand\u00e9es ou l'ex\u00e9cution du contrat de services.<\/li><\/ol><h3>Destinataires<\/h3><p>Les donn\u00e9es ne seront pas communiqu\u00e9es \u00e0 des tiers ext\u00e9rieurs \u00e0 <a href=\"https:\/\/clinicabenissa.com\/fr\/\">www.clinicabenissa.com<\/a>sauf en cas d'obligation l\u00e9gale.<\/p><h3>Donn\u00e9es collect\u00e9es par les utilisateurs des services<\/h3><p>Dans les cas o\u00f9 l'utilisateur inclut des fichiers contenant des donn\u00e9es personnelles sur des serveurs d'h\u00e9bergement partag\u00e9s, MARIA ALEXANDRA RODRIGUEZ CORTES n'est pas responsable du non-respect du RGPD par l'utilisateur.<\/p><h3>Conservation des donn\u00e9es conform\u00e9ment \u00e0 la LSSI<\/h3><p>MARIA ALEXANDRA RODRIGUEZ CORTES informe qu'en tant que fournisseur de services d'h\u00e9bergement de donn\u00e9es et en vertu des dispositions de la loi 34\/2002 du 11 juillet sur les services de la soci\u00e9t\u00e9 de l'information et le commerce \u00e9lectronique (LSSI), elle conserve pendant une p\u00e9riode maximale de 12 mois les informations n\u00e9cessaires \u00e0 l'identification de l'origine des donn\u00e9es h\u00e9berg\u00e9es et de l'heure \u00e0 laquelle le service a \u00e9t\u00e9 initi\u00e9. La conservation de ces donn\u00e9es n'affecte pas le secret des communications et ne peut \u00eatre utilis\u00e9e que dans le cadre d'une enqu\u00eate p\u00e9nale ou pour la sauvegarde de la s\u00e9curit\u00e9 publique, en \u00e9tant mise \u00e0 la disposition des juges et\/ou des tribunaux ou du minist\u00e8re qui en fait la demande.<\/p><p>La communication des donn\u00e9es aux forces et corps de l'\u00c9tat se fera conform\u00e9ment aux dispositions du r\u00e8glement sur la protection des donn\u00e9es \u00e0 caract\u00e8re personnel.<\/p><h3>Droits de propri\u00e9t\u00e9 intellectuelle<\/h3><p>MARIA ALEXANDRA RODRIGUEZ CORTES est titulaire de tous les droits d'auteur, de propri\u00e9t\u00e9 intellectuelle et industrielle, de savoir-faire et de tout autre droit li\u00e9 au contenu du site web. <a href=\"https:\/\/clinicabenissa.com\/fr\/\">www.clinicabenissa.com<\/a> et les services qui y sont offerts, ainsi que les programmes n\u00e9cessaires \u00e0 leur mise en \u0153uvre et les informations qui s'y rapportent.<\/p><p>La reproduction, la publication et\/ou l'utilisation du contenu, en tout ou en partie, du site web de MARIA ALEXANDRA RODRIGUEZ CORTES, autre que pour un usage strictement priv\u00e9, n'est pas autoris\u00e9e sans accord \u00e9crit pr\u00e9alable.<\/p><h3>Propri\u00e9t\u00e9 intellectuelle du contenu h\u00e9berg\u00e9<\/h3><p>L'utilisation contraire \u00e0 la l\u00e9gislation sur la propri\u00e9t\u00e9 intellectuelle des services fournis par MARIA ALEXANDRA RODRIGUEZ CORTES et, en particulier, de :<\/p><ul><li>Utilisation contraire \u00e0 la loi espagnole ou portant atteinte aux droits de tiers.<\/li><li>La publication ou la transmission de tout contenu qui, de l'avis de MARIA ALEXANDRA RODRIGUEZ CORTES, est violent, obsc\u00e8ne, abusif, ill\u00e9gal, racial, x\u00e9nophobe ou diffamatoire.<\/li><li>Les cracks, les num\u00e9ros de s\u00e9rie de logiciels ou tout autre contenu qui enfreint les droits de propri\u00e9t\u00e9 intellectuelle de tiers.<\/li><li>La collecte et\/ou l'utilisation de donn\u00e9es personnelles d'autres utilisateurs sans leur consentement expr\u00e8s ou en contravention avec les dispositions du R\u00e8glement (UE) 2016\/679 du Parlement europ\u00e9en et du Conseil du 27 avril 2016 relatif \u00e0 la protection des personnes physiques \u00e0 l'\u00e9gard du traitement des donn\u00e9es \u00e0 caract\u00e8re personnel et \u00e0 la libre circulation de ces donn\u00e9es.<\/li><li>L'utilisation du serveur de messagerie et des adresses \u00e9lectroniques du domaine pour l'envoi de courriers \u00e9lectroniques en masse non sollicit\u00e9s.<\/li><\/ul><p>L'utilisateur est enti\u00e8rement responsable du contenu de son site web, des informations transmises et stock\u00e9es, des liens hypertextes, des r\u00e9clamations de tiers et des actions en justice relatives \u00e0 la propri\u00e9t\u00e9 intellectuelle.<\/p><h3>Droits des tiers et protection des mineurs<\/h3><p>L'utilisateur est responsable du respect des lois et r\u00e8glements en vigueur et des r\u00e8gles concernant le fonctionnement du service en ligne, le commerce \u00e9lectronique, les droits d'auteur, le maintien de l'ordre public, ainsi que les principes universels d'utilisation de l'Internet.<\/p><p>L'utilisateur indemnisera MARIA ALEXANDRA RODRIGUEZ CORTES pour les frais encourus par l'imputation dans toute affaire dont l'utilisateur est responsable, y compris les frais et honoraires d'avocat, m\u00eame en cas de d\u00e9cision judiciaire non d\u00e9finitive.<\/p><h3>Protection des informations h\u00e9berg\u00e9es<\/h3><p>MARIA ALEXANDRA RODRIGUEZ CORTES effectue des copies de sauvegarde des contenus h\u00e9berg\u00e9s sur ses serveurs, mais elle n'est pas responsable de la perte ou de l'effacement accidentel des donn\u00e9es par les utilisateurs. De m\u00eame, elle ne garantit pas le remplacement total des donn\u00e9es supprim\u00e9es par les utilisateurs, \u00e9tant donn\u00e9 que ces donn\u00e9es peuvent avoir \u00e9t\u00e9 supprim\u00e9es et\/ou modifi\u00e9es au cours de la p\u00e9riode \u00e9coul\u00e9e depuis la derni\u00e8re sauvegarde.<\/p><p>Les services offerts, \u00e0 l'exception des services sp\u00e9cifiques de sauvegarde, n'incluent pas le remplacement des contenus conserv\u00e9s dans les copies de sauvegarde r\u00e9alis\u00e9es par MARIA ALEXANDRA RODRIGUEZ CORTES, lorsque cette perte est imputable \u00e0 l'utilisateur ; dans ce cas, des frais seront d\u00e9termin\u00e9s en fonction de la complexit\u00e9 et du volume de la r\u00e9cup\u00e9ration, toujours avec l'acceptation pr\u00e9alable de l'utilisateur.<\/p><p>Le remplacement des donn\u00e9es supprim\u00e9es n'est inclus dans le prix du service que lorsque la perte du contenu est due \u00e0 des causes imputables \u00e0 MARIA ALEXANDRA RODRIGUEZ CORTES.<\/p><h3>Communications commerciales<\/h3><p>En application de la LSSI. MARIA ALEXANDRA RODRIGUEZ CORTES n'enverra pas de communications publicitaires ou promotionnelles par courrier \u00e9lectronique ou tout autre moyen \u00e9quivalent de communication \u00e9lectronique qui n'ont pas \u00e9t\u00e9 pr\u00e9alablement demand\u00e9es ou express\u00e9ment autoris\u00e9es par les destinataires de ces communications.<\/p><p>Dans le cas d'utilisateurs avec lesquels il existe une relation contractuelle ant\u00e9rieure, MARIA ALEXANDRA RODRIGUEZ CORTES est autoris\u00e9e \u00e0 envoyer des communications commerciales concernant des produits ou des services de MARIA ALEXANDRA RODRIGUEZ CORTES. <a href=\"https:\/\/clinicabenissa.com\/fr\/\">www.clinicabenissa.com<\/a> qui sont similaires \u00e0 ceux initialement contract\u00e9s avec le client.<\/p><p>Dans tous les cas, l'utilisateur, apr\u00e8s avoir prouv\u00e9 son identit\u00e9, peut demander qu'aucune autre information commerciale ne lui soit envoy\u00e9e par l'interm\u00e9diaire des canaux du service client\u00e8le.<\/p>\t\t\t\t\t\t\t\t<\/div>\n\t\t\t\t\t<\/div>\n\t\t\t\t<\/div>\n\t\t\t\t<\/div>","protected":false},"excerpt":{"rendered":"<p>Pol\u00edtica de Privacidad MARIA ALEXANDRA RODRIGUEZ CORTES, en aplicaci\u00f3n de la normativa vigente en materia de protecci\u00f3n de datos de [&hellip;]<\/p>","protected":false},"author":1,"featured_media":0,"parent":0,"menu_order":0,"comment_status":"closed","ping_status":"closed","template":"elementor_header_footer","meta":{"site-sidebar-layout":"no-sidebar","site-content-layout":"","ast-site-content-layout":"full-width-container","site-content-style":"default","site-sidebar-style":"default","ast-global-header-display":"","ast-banner-title-visibility":"","ast-main-header-display":"","ast-hfb-above-header-display":"","ast-hfb-below-header-display":"","ast-hfb-mobile-header-display":"","site-post-title":"disabled","ast-breadcrumbs-content":"","ast-featured-img":"disabled","footer-sml-layout":"","ast-disable-related-posts":"","theme-transparent-header-meta":"default","adv-header-id-meta":"","stick-header-meta":"","header-above-stick-meta":"","header-main-stick-meta":"","header-below-stick-meta":"","astra-migrate-meta-layouts":"set","ast-page-background-enabled":"default","ast-page-background-meta":{"desktop":{"background-color":"var(--ast-global-color-5)","background-image":"","background-repeat":"repeat","background-position":"center center","background-size":"auto","background-attachment":"scroll","background-type":"","background-media":"","overlay-type":"","overlay-color":"","overlay-opacity":"","overlay-gradient":""},"tablet":{"background-color":"","background-image":"","background-repeat":"repeat","background-position":"center center","background-size":"auto","background-attachment":"scroll","background-type":"","background-media":"","overlay-type":"","overlay-color":"","overlay-opacity":"","overlay-gradient":""},"mobile":{"background-color":"","background-image":"","background-repeat":"repeat","background-position":"center center","background-size":"auto","background-attachment":"scroll","background-type":"","background-media":"","overlay-type":"","overlay-color":"","overlay-opacity":"","overlay-gradient":""}},"ast-content-background-meta":{"desktop":{"background-color":"var(--ast-global-color-4)","background-image":"","background-repeat":"repeat","background-position":"center center","background-size":"auto","background-attachment":"scroll","background-type":"","background-media":"","overlay-type":"","overlay-color":"","overlay-opacity":"","overlay-gradient":""},"tablet":{"background-color":"var(--ast-global-color-4)","background-image":"","background-repeat":"repeat","background-position":"center center","background-size":"auto","background-attachment":"scroll","background-type":"","background-media":"","overlay-type":"","overlay-color":"","overlay-opacity":"","overlay-gradient":""},"mobile":{"background-color":"var(--ast-global-color-4)","background-image":"","background-repeat":"repeat","background-position":"center center","background-size":"auto","background-attachment":"scroll","background-type":"","background-media":"","overlay-type":"","overlay-color":"","overlay-opacity":"","overlay-gradient":""}},"footnotes":""},"class_list":["post-17","page","type-page","status-publish","hentry"],"_links":{"self":[{"href":"https:\/\/clinicabenissa.com\/fr\/wp-json\/wp\/v2\/pages\/17","targetHints":{"allow":["GET"]}}],"collection":[{"href":"https:\/\/clinicabenissa.com\/fr\/wp-json\/wp\/v2\/pages"}],"about":[{"href":"https:\/\/clinicabenissa.com\/fr\/wp-json\/wp\/v2\/types\/page"}],"author":[{"embeddable":true,"href":"https:\/\/clinicabenissa.com\/fr\/wp-json\/wp\/v2\/users\/1"}],"replies":[{"embeddable":true,"href":"https:\/\/clinicabenissa.com\/fr\/wp-json\/wp\/v2\/comments?post=17"}],"version-history":[{"count":0,"href":"https:\/\/clinicabenissa.com\/fr\/wp-json\/wp\/v2\/pages\/17\/revisions"}],"wp:attachment":[{"href":"https:\/\/clinicabenissa.com\/fr\/wp-json\/wp\/v2\/media?parent=17"}],"curies":[{"name":"wp","href":"https:\/\/api.w.org\/{rel}","templated":true}]}}