{"id":247,"date":"2025-08-02T18:01:35","date_gmt":"2025-08-02T16:01:35","guid":{"rendered":"https:\/\/clinicabenissa.com\/?page_id=247"},"modified":"2025-09-06T11:24:21","modified_gmt":"2025-09-06T09:24:21","slug":"laccessibilite","status":"publish","type":"page","link":"https:\/\/clinicabenissa.com\/fr\/laccessibilite\/","title":{"rendered":"D\u00e9claration d'accessibilit\u00e9"},"content":{"rendered":"<div data-elementor-type=\"wp-page\" data-elementor-id=\"247\" class=\"elementor elementor-247\" data-elementor-post-type=\"page\">\n\t\t\t\t<div class=\"elementor-element elementor-element-846d1bd e-flex e-con-boxed e-con e-parent\" data-id=\"846d1bd\" data-element_type=\"container\" data-e-type=\"container\" id=\"titulo-principal\">\n\t\t\t\t\t<div class=\"e-con-inner\">\n\t\t\t\t<div class=\"elementor-element elementor-element-f98169a elementor-widget elementor-widget-heading\" data-id=\"f98169a\" data-element_type=\"widget\" data-e-type=\"widget\" data-widget_type=\"heading.default\">\n\t\t\t\t\t<h1 class=\"elementor-heading-title elementor-size-default\">D\u00e9claration d'accessibilit\u00e9<\/h1>\t\t\t\t<\/div>\n\t\t\t\t\t<\/div>\n\t\t\t\t<\/div>\n\t\t<div class=\"elementor-element elementor-element-9db1890 espinf espsup e-flex e-con-boxed e-con e-parent\" data-id=\"9db1890\" data-element_type=\"container\" data-e-type=\"container\" id=\"contenido-legal\">\n\t\t\t\t\t<div class=\"e-con-inner\">\n\t\t\t\t<div class=\"elementor-element elementor-element-a267df6 elementor-widget elementor-widget-text-editor\" data-id=\"a267df6\" data-element_type=\"widget\" data-e-type=\"widget\" data-widget_type=\"text-editor.default\">\n\t\t\t\t\t\t\t\t\t<p><strong>MARIA ALEXANDRA RODRIGUEZ CORTES<\/strong> s'engage \u00e0 rendre son site web accessible conform\u00e9ment \u00e0 l'arr\u00eat\u00e9 royal 1112\/2018 du 7 septembre relatif \u00e0 l'accessibilit\u00e9 des sites web et des applications mobiles du secteur public, ou aux d\u00e9veloppements financ\u00e9s par l'Europe.<\/p><p>Cette d\u00e9claration d'accessibilit\u00e9 s'applique au site web\u00a0 <a href=\"https:\/\/clinicabenissa.com\/fr\/\">www.clinicabenissa.com<\/a> exclure le contenu incorpor\u00e9 provenant d'autres domaines.<\/p><h2>\u00c9tat de conformit\u00e9<\/h2><p>Ce site web est partiellement conforme au RD 1112\/2018 en raison de la non-conformit\u00e9 des aspects suivants.<\/p><h2>Contenu non accessible<\/h2><p>Le contenu ci-dessous n'est pas accessible pour les raisons suivantes :<\/p><ul><li>Non-conformit\u00e9 :<ul><li>Il peut y avoir des images pour lesquelles l'alternative n'est pas impl\u00e9ment\u00e9e ou n'est pas correcte - - Exigence 9.1.1.1 Contenu non textuel UNE-EN 301549:2022<\/li><li>Il peut y avoir des \u00e9l\u00e9ments d'en-t\u00eate qui sont incorrectement impl\u00e9ment\u00e9s, ou dont l'ordre logique n'est pas correct - Num\u00e9ro d'exigence 9.1.3.1 Information et relations de la norme UNE-EN 301549:2022<\/li><li>Il peut y avoir des \u00e9l\u00e9ments avec un contraste insuffisant sur certaines pages - Exigence 9.1.4.3 Contraste UNE-EN 301549:2020<\/li><li>Le site n'offre pas de syst\u00e8me de navigation alternatif au menu - Exigence num\u00e9ro 9.2.4.5 Multiple Paths de la norme UNE-EN 301549:2022<\/li><li>Il peut y avoir des titres qui ne sont pas clairs ou brefs, ou qui ne devraient pas \u00eatre des titres - Exigence num\u00e9ro 9.2.4.6 Titres et \u00e9tiquettes de la norme UNE-EN 301549:2022<\/li><li>Il peut y avoir des \u00e9l\u00e9ments provenant d'autres syst\u00e8mes ou r\u00e9seaux, qui n'ont pas une d\u00e9finition suffisante de la fonction - Exigence num\u00e9ro 9.4.1.2 Nom, fonction et valeur de la norme UNE-EN 301549:2020<\/li><li>Certaines pages web peuvent contenir des erreurs d'\u00e9dition occasionnelles.<\/li><\/ul><\/li><li>Charge disproportionn\u00e9e : sans objet.<\/li><li>Le contenu n'entre pas dans le champ d'application de la l\u00e9gislation applicable.<\/li><\/ul><p>Il se peut que des fichiers bureautiques au format PDF ou dans d'autres formats publi\u00e9s avant le 20 septembre 2018 ne soient pas enti\u00e8rement conformes \u00e0 toutes les exigences en mati\u00e8re d'accessibilit\u00e9.<\/p><p>Il peut y avoir du contenu de tiers qui n'est pas d\u00e9velopp\u00e9 par ou sous le contr\u00f4le de cette unit\u00e9, comme des fichiers de bureautique de diff\u00e9rentes agences qui doivent \u00eatre publi\u00e9s sur ce site.<\/p><h2>Remarques et coordonn\u00e9es<\/h2><p>Vous pouvez faire des communications sur les exigences d'accessibilit\u00e9 [article 10.2.a) du RD 1112\/2018] comme, par exemple :<\/p><ul><li>Pour signaler tout manquement \u00e9ventuel \u00e0 la r\u00e9glementation de ce site web.<\/li><li>Transmettre d'autres difficult\u00e9s d'acc\u00e8s au contenu.<\/li><li>Formulez toute autre question ou suggestion d'am\u00e9lioration concernant l'accessibilit\u00e9 du site web par le biais du formulaire de contact ou en appelant le +34 96 573 3157 de 9 h \u00e0 14 h du lundi au vendredi.<\/li><\/ul><p>Vous pouvez soumettre votre candidature :<\/p><ul><li>Une plainte concernant le respect des exigences du RD 1112\/2018<\/li><li>Une demande d'informations accessibles concernant<ul><li>Contenu exclu du champ d'application du RD 1112\/2018 conform\u00e9ment \u00e0 l'article 3, paragraphe 4.<\/li><li>Contenu exempt\u00e9 des exigences d'accessibilit\u00e9 parce qu'il impose une charge disproportionn\u00e9e.<\/li><\/ul><\/li><\/ul><p>La demande d'informations accessibles doit clairement exposer les faits, les raisons et la demande, de mani\u00e8re \u00e0 \u00e9tablir que la demande est raisonnable et l\u00e9gitime.<\/p>\t\t\t\t\t\t\t\t<\/div>\n\t\t\t\t\t<\/div>\n\t\t\t\t<\/div>\n\t\t\t\t<\/div>","protected":false},"excerpt":{"rendered":"<p>Declaraci\u00f3n de Accesibilidad MARIA ALEXANDRA RODRIGUEZ CORTES se ha comprometido a hacer accesible su sitio web de conformidad con el [&hellip;]<\/p>","protected":false},"author":1,"featured_media":0,"parent":0,"menu_order":0,"comment_status":"closed","ping_status":"closed","template":"elementor_header_footer","meta":{"site-sidebar-layout":"no-sidebar","site-content-layout":"","ast-site-content-layout":"full-width-container","site-content-style":"default","site-sidebar-style":"default","ast-global-header-display":"","ast-banner-title-visibility":"","ast-main-header-display":"","ast-hfb-above-header-display":"","ast-hfb-below-header-display":"","ast-hfb-mobile-header-display":"","site-post-title":"disabled","ast-breadcrumbs-content":"","ast-featured-img":"disabled","footer-sml-layout":"","ast-disable-related-posts":"","theme-transparent-header-meta":"default","adv-header-id-meta":"","stick-header-meta":"default","header-above-stick-meta":"","header-main-stick-meta":"","header-below-stick-meta":"","astra-migrate-meta-layouts":"set","ast-page-background-enabled":"default","ast-page-background-meta":{"desktop":{"background-color":"var(--ast-global-color-5)","background-image":"","background-repeat":"repeat","background-position":"center center","background-size":"auto","background-attachment":"scroll","background-type":"","background-media":"","overlay-type":"","overlay-color":"","overlay-opacity":"","overlay-gradient":""},"tablet":{"background-color":"","background-image":"","background-repeat":"repeat","background-position":"center center","background-size":"auto","background-attachment":"scroll","background-type":"","background-media":"","overlay-type":"","overlay-color":"","overlay-opacity":"","overlay-gradient":""},"mobile":{"background-color":"","background-image":"","background-repeat":"repeat","background-position":"center center","background-size":"auto","background-attachment":"scroll","background-type":"","background-media":"","overlay-type":"","overlay-color":"","overlay-opacity":"","overlay-gradient":""}},"ast-content-background-meta":{"desktop":{"background-color":"var(--ast-global-color-4)","background-image":"","background-repeat":"repeat","background-position":"center center","background-size":"auto","background-attachment":"scroll","background-type":"","background-media":"","overlay-type":"","overlay-color":"","overlay-opacity":"","overlay-gradient":""},"tablet":{"background-color":"var(--ast-global-color-4)","background-image":"","background-repeat":"repeat","background-position":"center center","background-size":"auto","background-attachment":"scroll","background-type":"","background-media":"","overlay-type":"","overlay-color":"","overlay-opacity":"","overlay-gradient":""},"mobile":{"background-color":"var(--ast-global-color-4)","background-image":"","background-repeat":"repeat","background-position":"center center","background-size":"auto","background-attachment":"scroll","background-type":"","background-media":"","overlay-type":"","overlay-color":"","overlay-opacity":"","overlay-gradient":""}},"footnotes":""},"class_list":["post-247","page","type-page","status-publish","hentry"],"_links":{"self":[{"href":"https:\/\/clinicabenissa.com\/fr\/wp-json\/wp\/v2\/pages\/247","targetHints":{"allow":["GET"]}}],"collection":[{"href":"https:\/\/clinicabenissa.com\/fr\/wp-json\/wp\/v2\/pages"}],"about":[{"href":"https:\/\/clinicabenissa.com\/fr\/wp-json\/wp\/v2\/types\/page"}],"author":[{"embeddable":true,"href":"https:\/\/clinicabenissa.com\/fr\/wp-json\/wp\/v2\/users\/1"}],"replies":[{"embeddable":true,"href":"https:\/\/clinicabenissa.com\/fr\/wp-json\/wp\/v2\/comments?post=247"}],"version-history":[{"count":0,"href":"https:\/\/clinicabenissa.com\/fr\/wp-json\/wp\/v2\/pages\/247\/revisions"}],"wp:attachment":[{"href":"https:\/\/clinicabenissa.com\/fr\/wp-json\/wp\/v2\/media?parent=247"}],"curies":[{"name":"wp","href":"https:\/\/api.w.org\/{rel}","templated":true}]}}