{"id":7729,"date":"2025-09-01T18:07:26","date_gmt":"2025-09-01T16:07:26","guid":{"rendered":"https:\/\/clinicabenissa.com\/?page_id=7729"},"modified":"2025-09-01T18:28:12","modified_gmt":"2025-09-01T16:28:12","slug":"numeros-de-telephone-importants","status":"publish","type":"page","link":"https:\/\/clinicabenissa.com\/fr\/numeros-de-telephone-importants\/","title":{"rendered":"Num\u00e9ros de t\u00e9l\u00e9phone importants"},"content":{"rendered":"<div data-elementor-type=\"wp-page\" data-elementor-id=\"7729\" class=\"elementor elementor-7729\" data-elementor-post-type=\"page\">\n\t\t\t\t<div class=\"elementor-element elementor-element-d0bf990 cabecera-principal e-flex e-con-boxed e-con e-parent\" data-id=\"d0bf990\" data-element_type=\"container\" data-e-type=\"container\">\n\t\t\t\t\t<div class=\"e-con-inner\">\n\t\t\t\t<div class=\"elementor-element elementor-element-7f7be5e elementor-widget elementor-widget-heading\" data-id=\"7f7be5e\" data-element_type=\"widget\" data-e-type=\"widget\" data-widget_type=\"heading.default\">\n\t\t\t\t\t<h1 class=\"elementor-heading-title elementor-size-default\">Num\u00e9ros de t\u00e9l\u00e9phone importants<\/h1>\t\t\t\t<\/div>\n\t\t\t\t\t<\/div>\n\t\t\t\t<\/div>\n\t\t<div class=\"elementor-element elementor-element-26aa771 espsup espinf e-flex e-con-boxed e-con e-parent\" data-id=\"26aa771\" data-element_type=\"container\" data-e-type=\"container\" id=\"telefonos\">\n\t\t\t\t\t<div class=\"e-con-inner\">\n\t\t\t\t<div class=\"elementor-element elementor-element-70d3e47 elementor-widget elementor-widget-html\" data-id=\"70d3e47\" data-element_type=\"widget\" data-e-type=\"widget\" data-widget_type=\"html.default\">\n\t\t\t\t\t<table>\n<tr>\n    <td>Centre d'appel d'urgence<\/td>\n    <td><a href=\"tel:+34112\" rel=\"nofollow\" target=\"_blank\">112<\/a><\/td>\n<tr>\n    <td>Urgences m\u00e9dicales Cl\u00ednica Benissa<\/td>\n    <td><a href=\"tel:+346396042 69\" rel=\"nofollow\" target=\"_blank\">639 60 42 69<\/a><\/td>\n<\/tr>\n<tr>\n    <td>Urgencias Dentales Cl\u00ednica Benissa (jour)<\/td>\n    <td><a href=\"tel:+34965733157\" rel=\"nofollow\" target=\"_blank\">965 733 157<\/a><\/td>\n<\/tr>\n<tr>\n    <td>Guardia Civil Benissa<\/td>\n    <td><a href=\"tel:+34965732918\" rel=\"nofollow\" target=\"_blank\">965 73 29 18<\/a><\/td>\n<\/tr>\n<tr>\n    <td>Police de Benissa<\/td>\n    <td><a href=\"tel:+34965730733\" rel=\"nofollow\" target=\"_blank\">965 73 07 33<\/a><\/td>\n<\/tr>\n<tr>\n    <td>Urgences dans les centres de sant\u00e9<\/td>\n    <td><a href=\"tel:+34965739100\" rel=\"nofollow\" target=\"_blank\">965 73 91 00<\/a><\/td>\n<\/tr>\n<tr>\n    <td>Centre de sant\u00e9<\/td>\n    <td><a href=\"tel:+34965739100\" rel=\"nofollow\" target=\"_blank\">965 73 91 00<\/a><\/td>\n<\/tr>\n<tr>\n    <td>H\u00f4pital Marina Salud (Denia)<\/td>\n    <td><a href=\"tel:+34966429000\" rel=\"nofollow\" target=\"_blank\">966 42 90 00<\/a><\/td>\n<\/tr>\n<tr>\n    <td>Imed Teulada Ambulance<\/td>\n    <td><a href=\"tel:+34966817404\" rel=\"nofollow\" target=\"_blank\">966 81 74 04<\/a><\/td>\n<\/tr>\n<tr>\n    <td>Ambulance de la clinique Benidorm<\/td>\n    <td><a href=\"tel:+34900380088\" rel=\"nofollow\" target=\"_blank\">900 38 00 88<\/a><\/td>\n<\/tr>\n<tr>\n    <td>Ambulance Auto-Sport (D\u00e9nia)<\/td>\n    <td><a href=\"tel:+34965107668\" rel=\"nofollow\" target=\"_blank\">965 10 76 68<\/a><\/td>\n<\/tr>\n<tr>\n    <td>Amis de l'Ambulance Europe<\/td>\n    <td><a href=\"tel:+34965796099\" rel=\"nofollow\" target=\"_blank\">965 79 60 99<\/a><\/td>\n<\/tr>\n<tr>\n    <td>Urgence v\u00e9t\u00e9rinaire<\/td>\n    <td><a href=\"tel:+34600266686\" rel=\"nofollow\" target=\"_blank\">600 26 66 86<\/a><\/td>\n<\/tr>\n<\/table>\t\t\t\t<\/div>\n\t\t\t\t<div class=\"elementor-element elementor-element-5fe3d5b elementor-align-center elementor-widget elementor-widget-button\" data-id=\"5fe3d5b\" data-element_type=\"widget\" data-e-type=\"widget\" data-widget_type=\"button.default\">\n\t\t\t\t\t\t\t\t\t\t<a class=\"elementor-button elementor-button-link elementor-size-sm\" href=\"https:\/\/clinicabenissa.com\/wp-content\/uploads\/2025\/09\/Telefonos-Importantes.pdf\" target=\"_blank\">\n\t\t\t\t\t\t<span class=\"elementor-button-content-wrapper\">\n\t\t\t\t\t\t<span class=\"elementor-button-icon\">\n\t\t\t\t<svg aria-hidden=\"true\" class=\"e-font-icon-svg e-far-file-pdf\" viewbox=\"0 0 384 512\" xmlns=\"http:\/\/www.w3.org\/2000\/svg\"><path d=\"M369.9 97.9L286 14C277 5 264.8-.1 252.1-.1H48C21.5 0 0 21.5 0 48v416c0 26.5 21.5 48 48 48h288c26.5 0 48-21.5 48-48V131.9c0-12.7-5.1-25-14.1-34zM332.1 128H256V51.9l76.1 76.1zM48 464V48h160v104c0 13.3 10.7 24 24 24h104v288H48zm250.2-143.7c-12.2-12-47-8.7-64.4-6.5-17.2-10.5-28.7-25-36.8-46.3 3.9-16.1 10.1-40.6 5.4-56-4.2-26.2-37.8-23.6-42.6-5.9-4.4 16.1-.4 38.5 7 67.1-10 23.9-24.9 56-35.4 74.4-20 10.3-47 26.2-51 46.2-3.3 15.8 26 55.2 76.1-31.2 22.4-7.4 46.8-16.5 68.4-20.1 18.9 10.2 41 17 55.8 17 25.5 0 28-28.2 17.5-38.7zm-198.1 77.8c5.1-13.7 24.5-29.5 30.4-35-19 30.3-30.4 35.7-30.4 35zm81.6-190.6c7.4 0 6.7 32.1 1.8 40.8-4.4-13.9-4.3-40.8-1.8-40.8zm-24.4 136.6c9.7-16.9 18-37 24.7-54.7 8.3 15.1 18.9 27.2 30.1 35.5-20.8 4.3-38.9 13.1-54.8 19.2zm131.6-5s-5 6-37.3-7.8c35.1-2.6 40.9 5.4 37.3 7.8z\"><\/path><\/svg>\t\t\t<\/span>\n\t\t\t\t\t\t\t\t\t<span class=\"elementor-button-text\">VERSION IMPRIMABLE<\/span>\n\t\t\t\t\t<\/span>\n\t\t\t\t\t<\/a>\n\t\t\t\t\t\t\t\t<\/div>\n\t\t\t\t\t<\/div>\n\t\t\t\t<\/div>\n\t\t\t\t<\/div>","protected":false},"excerpt":{"rendered":"<p>N\u00fameros de Tel\u00e9fono Importantes Central de emergencias 112 Urgencias m\u00e9dicas Cl\u00ednica Benissa 639 60 42 69 Urgencias Dentales Cl\u00ednica Benissa [&hellip;]<\/p>","protected":false},"author":1,"featured_media":0,"parent":0,"menu_order":0,"comment_status":"closed","ping_status":"closed","template":"","meta":{"site-sidebar-layout":"no-sidebar","site-content-layout":"","ast-site-content-layout":"full-width-container","site-content-style":"default","site-sidebar-style":"default","ast-global-header-display":"","ast-banner-title-visibility":"","ast-main-header-display":"","ast-hfb-above-header-display":"","ast-hfb-below-header-display":"","ast-hfb-mobile-header-display":"","site-post-title":"","ast-breadcrumbs-content":"","ast-featured-img":"disabled","footer-sml-layout":"","ast-disable-related-posts":"","theme-transparent-header-meta":"default","adv-header-id-meta":"","stick-header-meta":"default","header-above-stick-meta":"","header-main-stick-meta":"","header-below-stick-meta":"","astra-migrate-meta-layouts":"set","ast-page-background-enabled":"default","ast-page-background-meta":{"desktop":{"background-color":"var(--ast-global-color-5)","background-image":"","background-repeat":"repeat","background-position":"center center","background-size":"auto","background-attachment":"scroll","background-type":"","background-media":"","overlay-type":"","overlay-color":"","overlay-opacity":"","overlay-gradient":""},"tablet":{"background-color":"","background-image":"","background-repeat":"repeat","background-position":"center center","background-size":"auto","background-attachment":"scroll","background-type":"","background-media":"","overlay-type":"","overlay-color":"","overlay-opacity":"","overlay-gradient":""},"mobile":{"background-color":"","background-image":"","background-repeat":"repeat","background-position":"center center","background-size":"auto","background-attachment":"scroll","background-type":"","background-media":"","overlay-type":"","overlay-color":"","overlay-opacity":"","overlay-gradient":""}},"ast-content-background-meta":{"desktop":{"background-color":"var(--ast-global-color-4)","background-image":"","background-repeat":"repeat","background-position":"center center","background-size":"auto","background-attachment":"scroll","background-type":"","background-media":"","overlay-type":"","overlay-color":"","overlay-opacity":"","overlay-gradient":""},"tablet":{"background-color":"var(--ast-global-color-4)","background-image":"","background-repeat":"repeat","background-position":"center center","background-size":"auto","background-attachment":"scroll","background-type":"","background-media":"","overlay-type":"","overlay-color":"","overlay-opacity":"","overlay-gradient":""},"mobile":{"background-color":"var(--ast-global-color-4)","background-image":"","background-repeat":"repeat","background-position":"center center","background-size":"auto","background-attachment":"scroll","background-type":"","background-media":"","overlay-type":"","overlay-color":"","overlay-opacity":"","overlay-gradient":""}},"footnotes":""},"class_list":["post-7729","page","type-page","status-publish","hentry"],"_links":{"self":[{"href":"https:\/\/clinicabenissa.com\/fr\/wp-json\/wp\/v2\/pages\/7729","targetHints":{"allow":["GET"]}}],"collection":[{"href":"https:\/\/clinicabenissa.com\/fr\/wp-json\/wp\/v2\/pages"}],"about":[{"href":"https:\/\/clinicabenissa.com\/fr\/wp-json\/wp\/v2\/types\/page"}],"author":[{"embeddable":true,"href":"https:\/\/clinicabenissa.com\/fr\/wp-json\/wp\/v2\/users\/1"}],"replies":[{"embeddable":true,"href":"https:\/\/clinicabenissa.com\/fr\/wp-json\/wp\/v2\/comments?post=7729"}],"version-history":[{"count":0,"href":"https:\/\/clinicabenissa.com\/fr\/wp-json\/wp\/v2\/pages\/7729\/revisions"}],"wp:attachment":[{"href":"https:\/\/clinicabenissa.com\/fr\/wp-json\/wp\/v2\/media?parent=7729"}],"curies":[{"name":"wp","href":"https:\/\/api.w.org\/{rel}","templated":true}]}}