{"id":17,"date":"2025-03-28T12:53:12","date_gmt":"2025-03-28T11:53:12","guid":{"rendered":"https:\/\/clinicabenissa.com\/?page_id=17"},"modified":"2025-09-06T11:28:11","modified_gmt":"2025-09-06T09:28:11","slug":"privacybeleid","status":"publish","type":"page","link":"https:\/\/clinicabenissa.com\/nl\/privacybeleid\/","title":{"rendered":"Privacybeleid"},"content":{"rendered":"<div data-elementor-type=\"wp-page\" data-elementor-id=\"17\" class=\"elementor elementor-17\" data-elementor-post-type=\"page\">\n\t\t\t\t<div class=\"elementor-element elementor-element-e27e1d1 e-flex e-con-boxed e-con e-parent\" data-id=\"e27e1d1\" data-element_type=\"container\" data-e-type=\"container\" id=\"titulo-principal\">\n\t\t\t\t\t<div class=\"e-con-inner\">\n\t\t\t\t<div class=\"elementor-element elementor-element-b774276 elementor-widget elementor-widget-heading\" data-id=\"b774276\" data-element_type=\"widget\" data-e-type=\"widget\" data-widget_type=\"heading.default\">\n\t\t\t\t\t<h1 class=\"elementor-heading-title elementor-size-default\">Privacybeleid<\/h1>\t\t\t\t<\/div>\n\t\t\t\t\t<\/div>\n\t\t\t\t<\/div>\n\t\t<div class=\"elementor-element elementor-element-713af6b espinf espsup e-flex e-con-boxed e-con e-parent\" data-id=\"713af6b\" data-element_type=\"container\" data-e-type=\"container\" id=\"contenido-legal\">\n\t\t\t\t\t<div class=\"e-con-inner\">\n\t\t\t\t<div class=\"elementor-element elementor-element-f5a97e1 elementor-widget elementor-widget-text-editor\" data-id=\"f5a97e1\" data-element_type=\"widget\" data-e-type=\"widget\" data-widget_type=\"text-editor.default\">\n\t\t\t\t\t\t\t\t\t<p>MARIA ALEXANDRA RODRIGUEZ CORTES, in toepassing van de huidige wetgeving inzake de bescherming van persoonsgegevens, informeert dat de persoonsgegevens die worden verzameld via de formulieren op de website: <a href=\"https:\/\/clinicabenissa.com\/nl\/\">www.clinicabenissa.com<\/a>zijn opgenomen in de specifieke geautomatiseerde bestanden van de gebruikers van de diensten van <a href=\"https:\/\/clinicabenissa.com\/nl\/\">www.clinicabenissa.com<\/a><\/p><p>Het doel van het verzamelen en de geautomatiseerde verwerking van persoonlijke gegevens is het onderhouden van de commerci\u00eble relatie en het uitvoeren van informatie, advies en andere activiteiten die zowel in dit beleid als in de formulieren op deze Site worden aangegeven. Deze gegevens worden alleen doorgegeven aan entiteiten die nodig zijn om te voldoen aan het bovengenoemde doel.<\/p><p>MARIA ALEXANDRA RODRIGUEZ CORTES neemt de nodige maatregelen om de beveiliging, integriteit en vertrouwelijkheid van de gegevens te waarborgen overeenkomstig de bepalingen van Verordening (EU) 2016\/679 van het Europees Parlement en de Raad van 27 april 2016 betreffende de bescherming van natuurlijke personen in verband met de verwerking van persoonsgegevens en betreffende het vrije verkeer van die gegevens.<\/p><p>De gebruiker kan te allen tijde gebruik maken van het recht op toegang, verzet, rectificatie en annulering zoals erkend in de hierboven genoemde Verordening (EU). De gebruiker kan deze rechten uitoefenen door een e-mail te sturen naar: <a href=\"mailto:re*******@************sa.com\" data-original-string=\"oH80bHy9u5uB2988zKrumg==00a2oCNTPcO+QvomHchP6BwrzUWp7hI1hinjCcvYlFH7zU=\" title=\"Dit contact is gecodeerd door Anti-Spam by CleanTalk. Klik om te decoderen. Om het decoderen te voltooien, moet JavaScript ingeschakeld zijn in uw browser.\"><span \n                data-original-string='4v1VMcwNt5sbOPYrlIjjmA==00aNp7vuHY+JW9DRRIRaN7h59EvYrMTojupQp5U3xn+k14='\n                class='apbct-email-encoder'\n                title='Dit contact is gecodeerd door Anti-Spam by CleanTalk. Klik om te decoderen. Om het decoderen te voltooien, moet JavaScript ingeschakeld zijn in uw browser.'>re<span class=\"apbct-blur\">*******<\/span>@<span class=\"apbct-blur\">************<\/span>sa.com<\/span><\/a> of op het adres: Av. del Pa\u00eds Valenci\u00e0, 19. 03720 Benissa (Alicante).<\/p><p>De gebruiker verklaart dat alle door hem\/haar verstrekte gegevens waarheidsgetrouw en correct zijn en verbindt zich ertoe deze bij te houden en eventuele wijzigingen door te geven aan <a href=\"mailto:re*******@************sa.com\" data-original-string=\"jNfGvj1GGaLRCnf27yUTyw==00aqV\/KFsXMgXdh9kWZ2RlnCYN9z8+MlV6OJ1aaar7Du+A=\" title=\"Dit contact is gecodeerd door Anti-Spam by CleanTalk. Klik om te decoderen. Om het decoderen te voltooien, moet JavaScript ingeschakeld zijn in uw browser.\"><span \n                data-original-string='d2d36wvG+huzT5e0jwLvbQ==00alf5j9Ydovq4GmaF2kX1lLe4jKOlDIulFndNSQ+bLJKs='\n                class='apbct-email-encoder'\n                title='Dit contact is gecodeerd door Anti-Spam by CleanTalk. Klik om te decoderen. Om het decoderen te voltooien, moet JavaScript ingeschakeld zijn in uw browser.'>re<span class=\"apbct-blur\">*******<\/span>@<span class=\"apbct-blur\">************<\/span>sa.com<\/span><\/a><\/p><h2>Doel van de verwerking van persoonlijke gegevens<\/h2><h3>Voor welke doeleinden verwerken we uw persoonlijke gegevens?<\/h3><p>Bij MARIA ALEXANDRA RODRIGUEZ CORTES verwerken we uw persoonsgegevens die via de Website zijn verzameld: <a href=\"https:\/\/clinicabenissa.com\/nl\/\">www.clinicabenissa.com<\/a>voor de volgende doeleinden:<\/p><ol><li>In het geval van aankoop van goederen en diensten die worden aangeboden via <a href=\"https:\/\/clinicabenissa.com\/nl\/\">www.clinicabenissa.com<\/a>om de contractuele relatie te onderhouden, evenals het beheer, de administratie, de informatie, de levering en de verbetering van de service.<\/li><li>Opsturen van gevraagde informatie via de formulieren die beschikbaar zijn op <a href=\"https:\/\/clinicabenissa.com\/nl\/\">www.clinicabenissa.com<\/a><\/li><\/ol><p>Wij herinneren u eraan dat u te allen tijde bezwaar kunt maken tegen het verzenden van commerci\u00eble berichten door een e-mail te sturen naar het hierboven vermelde adres.<\/p><p>De velden in deze registers moeten worden ingevuld en het is onmogelijk om de aangegeven doeleinden uit te voeren als deze gegevens niet worden verstrekt.<\/p><h3>Hoe lang worden de verzamelde persoonlijke gegevens bewaard?<\/h3><p>De verstrekte persoonlijke gegevens worden bewaard zolang de commerci\u00eble relatie in stand blijft of u niet verzoekt om verwijdering ervan en gedurende de periode waarin wettelijke verantwoordelijkheden kunnen voortvloeien uit de geleverde diensten.<\/p><h3>Legitimatie<\/h3><p>De verwerking van uw gegevens wordt uitgevoerd op basis van de volgende wettelijke grondslagen die dit rechtvaardigen:<\/p><ol><li>Het verzoek om informatie en\/of het contracteren van de diensten van <a href=\"https:\/\/clinicabenissa.com\/nl\/\">www.clinicabenissa.com<\/a>De algemene voorwaarden hiervan zullen in ieder geval voorafgaand aan een eventuele overeenkomst aan u ter beschikking worden gesteld.<\/li><li>Vrije, specifieke, ge\u00efnformeerde en ondubbelzinnige toestemming, voor zover we u informeren door u dit privacybeleid ter beschikking te stellen, dat u, na het te hebben gelezen, als u ermee instemt, kunt aanvaarden door middel van een verklaring of een duidelijke bevestigende handeling, zoals het aanvinken van een daartoe bestemd vakje.<\/li><li>Als u ons uw gegevens niet, onjuist of onvolledig verstrekt, kunnen wij uw verzoek niet in behandeling nemen, waardoor het voor ons onmogelijk wordt u de gevraagde informatie te verstrekken of het contract voor de diensten uit te voeren.<\/li><\/ol><h3>Geadresseerden<\/h3><p>De gegevens worden niet doorgegeven aan derden buiten <a href=\"https:\/\/clinicabenissa.com\/nl\/\">www.clinicabenissa.com<\/a>tenzij dit wettelijk verplicht is.<\/p><h3>Gegevens verzameld door gebruikers van de services<\/h3><p>In gevallen waarin de gebruiker bestanden met persoonsgegevens op shared hosting servers plaatst, is MARIA ALEXANDRA RODRIGUEZ CORTES niet verantwoordelijk voor het niet naleven van de RGPD door de gebruiker.<\/p><h3>Bewaren van gegevens in overeenstemming met de LSSI<\/h3><p>MARIA ALEXANDRA RODRIGUEZ CORTES deelt mee dat zij, als aanbieder van gegevenshostingdiensten en krachtens de bepalingen van Wet 34\/2002 van 11 juli betreffende diensten van de informatiemaatschappij en elektronische handel (LSSI), gedurende maximaal 12 maanden de informatie bewaart die nodig is om de oorsprong van de gehoste gegevens en het tijdstip waarop de dienst is gestart, te identificeren. Het bewaren van deze gegevens heeft geen invloed op het communicatiegeheim en mag alleen worden gebruikt in het kader van een strafrechtelijk onderzoek of voor het waarborgen van de openbare veiligheid, waarbij ze beschikbaar worden gesteld aan rechters en\/of rechtbanken of het ministerie dat daarom vraagt.<\/p><p>Het doorgeven van gegevens aan de Staatstroepen en -korpsen gebeurt in overeenstemming met de bepalingen van de regelgeving inzake de bescherming van persoonsgegevens.<\/p><h3>Intellectuele eigendomsrechten<\/h3><p>MARIA ALEXANDRA RODRIGUEZ CORTES is de eigenaar van alle auteursrechten, intellectuele en industri\u00eble eigendomsrechten, \"know how\" en alle andere rechten met betrekking tot de inhoud van de website. <a href=\"https:\/\/clinicabenissa.com\/nl\/\">www.clinicabenissa.com<\/a> en de diensten die daarin worden aangeboden, evenals de programma's die nodig zijn voor de uitvoering ervan en de bijbehorende informatie.<\/p><p>De reproductie, publicatie en\/of het gebruik van de inhoud, geheel of gedeeltelijk, van de MARIA ALEXANDRA RODRIGUEZ CORTES website, anders dan voor strikt priv\u00e9gebruik, is niet toegestaan zonder voorafgaande schriftelijke toestemming.<\/p><h3>Intellectueel eigendom van gehoste inhoud<\/h3><p>Het gebruik in strijd met de wetgeving inzake intellectuele eigendom van de door MARIA ALEXANDRA RODRIGUEZ CORTES geleverde diensten en in het bijzonder van:<\/p><ul><li>Gebruik dat in strijd is met de Spaanse wetgeving of inbreuk maakt op de rechten van derden.<\/li><li>De publicatie of verzending van inhoud die naar de mening van MARIA ALEXANDRA RODRIGUEZ CORTES gewelddadig, obsceen, beledigend, illegaal, racistisch, xenofoob of lasterlijk is.<\/li><li>Cracks, softwareserienummers of andere inhoud die inbreuk maakt op de intellectuele eigendomsrechten van derden.<\/li><li>Het verzamelen en\/of gebruiken van persoonsgegevens van andere gebruikers zonder hun uitdrukkelijke toestemming of in strijd met de bepalingen van Verordening (EU) 2016\/679 van het Europees Parlement en de Raad van 27 april 2016 betreffende de bescherming van natuurlijke personen in verband met de verwerking van persoonsgegevens en betreffende het vrije verkeer van die gegevens.<\/li><li>Het gebruik van de mailserver en e-mailadressen van het domein voor het verzenden van ongevraagde bulk e-mail.<\/li><\/ul><p>De gebruiker draagt de volledige verantwoordelijkheid voor de inhoud van zijn website, de verzonden en opgeslagen informatie, hyperlinks, claims van derden en juridische acties met betrekking tot intellectueel eigendom.<\/p><h3>Rechten van derden en bescherming van minderjarigen<\/h3><p>De gebruiker is verantwoordelijk voor de naleving van de geldende wet- en regelgeving en de regels met betrekking tot de werking van de online service, e-commerce, auteursrecht, handhaving van de openbare orde en universele principes van internetgebruik.<\/p><p>De gebruiker vrijwaart MARIA ALEXANDRA RODRIGUEZ CORTES voor de kosten die de toerekening met zich meebrengt in elke zaak waarvoor de gebruiker verantwoordelijk is, met inbegrip van juridische kosten en uitgaven, zelfs in het geval van een niet-definitieve gerechtelijke uitspraak.<\/p><h3>Bescherming van gehoste informatie<\/h3><p>MARIA ALEXANDRA RODRIGUEZ CORTES maakt back-ups van de inhoud die op haar servers wordt gehost, maar is niet verantwoordelijk voor het verlies of het per ongeluk verwijderen van gegevens door gebruikers. Het garandeert evenmin de volledige vervanging van gegevens die door gebruikers zijn verwijderd, aangezien deze gegevens kunnen zijn verwijderd en\/of gewijzigd in de periode die is verstreken sinds de laatste back-up.<\/p><p>De aangeboden diensten, met uitzondering van specifieke back-updiensten, omvatten niet de vervanging van de inhoud die bewaard is gebleven in de back-upkopie\u00ebn die door MARIA ALEXANDRA RODRIGUEZ CORTES zijn gemaakt, wanneer dit verlies is toe te schrijven aan de gebruiker; in dit geval zal een vergoeding worden vastgesteld op basis van de complexiteit en het volume van het herstel, altijd met voorafgaande toestemming van de gebruiker.<\/p><p>De vervanging van verwijderde gegevens is alleen inbegrepen in de prijs van de service wanneer het verlies van de inhoud te wijten is aan oorzaken die toe te schrijven zijn aan MARIA ALEXANDRA RODRIGUEZ CORTES.<\/p><h3>Commerci\u00eble communicatie<\/h3><p>In toepassing van de LSSI. MARIA ALEXANDRA RODRIGUEZ CORTES verstuurt geen reclame- of promotieberichten via e-mail of andere gelijkwaardige elektronische communicatiemiddelen die niet vooraf zijn aangevraagd of uitdrukkelijk zijn goedgekeurd door de ontvangers ervan.<\/p><p>In het geval van gebruikers met wie een eerdere contractuele relatie bestaat, is MARIA ALEXANDRA RODRIGUEZ CORTES gemachtigd om commerci\u00eble berichten over producten of diensten van MARIA ALEXANDRA RODRIGUEZ CORTES te verzenden. <a href=\"https:\/\/clinicabenissa.com\/nl\/\">www.clinicabenissa.com<\/a> die vergelijkbaar zijn met de contracten die oorspronkelijk met de klant zijn afgesloten.<\/p><p>In elk geval kan de gebruiker, na zijn of haar identiteit te hebben bewezen, verzoeken dat hem of haar geen commerci\u00eble informatie meer wordt toegestuurd via de kanalen van de Klantenservice.<\/p>\t\t\t\t\t\t\t\t<\/div>\n\t\t\t\t\t<\/div>\n\t\t\t\t<\/div>\n\t\t\t\t<\/div>","protected":false},"excerpt":{"rendered":"<p>Pol\u00edtica de Privacidad MARIA ALEXANDRA RODRIGUEZ CORTES, en aplicaci\u00f3n de la normativa vigente en materia de protecci\u00f3n de datos de [&hellip;]<\/p>","protected":false},"author":1,"featured_media":0,"parent":0,"menu_order":0,"comment_status":"closed","ping_status":"closed","template":"elementor_header_footer","meta":{"site-sidebar-layout":"no-sidebar","site-content-layout":"","ast-site-content-layout":"full-width-container","site-content-style":"default","site-sidebar-style":"default","ast-global-header-display":"","ast-banner-title-visibility":"","ast-main-header-display":"","ast-hfb-above-header-display":"","ast-hfb-below-header-display":"","ast-hfb-mobile-header-display":"","site-post-title":"disabled","ast-breadcrumbs-content":"","ast-featured-img":"disabled","footer-sml-layout":"","ast-disable-related-posts":"","theme-transparent-header-meta":"default","adv-header-id-meta":"","stick-header-meta":"","header-above-stick-meta":"","header-main-stick-meta":"","header-below-stick-meta":"","astra-migrate-meta-layouts":"set","ast-page-background-enabled":"default","ast-page-background-meta":{"desktop":{"background-color":"var(--ast-global-color-5)","background-image":"","background-repeat":"repeat","background-position":"center center","background-size":"auto","background-attachment":"scroll","background-type":"","background-media":"","overlay-type":"","overlay-color":"","overlay-opacity":"","overlay-gradient":""},"tablet":{"background-color":"","background-image":"","background-repeat":"repeat","background-position":"center center","background-size":"auto","background-attachment":"scroll","background-type":"","background-media":"","overlay-type":"","overlay-color":"","overlay-opacity":"","overlay-gradient":""},"mobile":{"background-color":"","background-image":"","background-repeat":"repeat","background-position":"center center","background-size":"auto","background-attachment":"scroll","background-type":"","background-media":"","overlay-type":"","overlay-color":"","overlay-opacity":"","overlay-gradient":""}},"ast-content-background-meta":{"desktop":{"background-color":"var(--ast-global-color-4)","background-image":"","background-repeat":"repeat","background-position":"center center","background-size":"auto","background-attachment":"scroll","background-type":"","background-media":"","overlay-type":"","overlay-color":"","overlay-opacity":"","overlay-gradient":""},"tablet":{"background-color":"var(--ast-global-color-4)","background-image":"","background-repeat":"repeat","background-position":"center center","background-size":"auto","background-attachment":"scroll","background-type":"","background-media":"","overlay-type":"","overlay-color":"","overlay-opacity":"","overlay-gradient":""},"mobile":{"background-color":"var(--ast-global-color-4)","background-image":"","background-repeat":"repeat","background-position":"center center","background-size":"auto","background-attachment":"scroll","background-type":"","background-media":"","overlay-type":"","overlay-color":"","overlay-opacity":"","overlay-gradient":""}},"footnotes":""},"class_list":["post-17","page","type-page","status-publish","hentry"],"_links":{"self":[{"href":"https:\/\/clinicabenissa.com\/nl\/wp-json\/wp\/v2\/pages\/17","targetHints":{"allow":["GET"]}}],"collection":[{"href":"https:\/\/clinicabenissa.com\/nl\/wp-json\/wp\/v2\/pages"}],"about":[{"href":"https:\/\/clinicabenissa.com\/nl\/wp-json\/wp\/v2\/types\/page"}],"author":[{"embeddable":true,"href":"https:\/\/clinicabenissa.com\/nl\/wp-json\/wp\/v2\/users\/1"}],"replies":[{"embeddable":true,"href":"https:\/\/clinicabenissa.com\/nl\/wp-json\/wp\/v2\/comments?post=17"}],"version-history":[{"count":0,"href":"https:\/\/clinicabenissa.com\/nl\/wp-json\/wp\/v2\/pages\/17\/revisions"}],"wp:attachment":[{"href":"https:\/\/clinicabenissa.com\/nl\/wp-json\/wp\/v2\/media?parent=17"}],"curies":[{"name":"wp","href":"https:\/\/api.w.org\/{rel}","templated":true}]}}